{"id":5111,"date":"2026-04-22T14:58:08","date_gmt":"2026-04-22T06:58:08","guid":{"rendered":"https:\/\/rippa.com\/?post_type=product&#038;p=5111"},"modified":"2026-04-22T15:58:08","modified_gmt":"2026-04-22T07:58:08","slug":"electric-forklift-rf25e","status":"publish","type":"product","link":"https:\/\/www.rippa.com\/tr\/product\/electric-forklift-rf25e\/","title":{"rendered":"Electric forklift RF25E"},"content":{"rendered":"<p>To optimize the control experience, the RF25E uses a thumb-driven directional control device to make operation more precise and reduce hand fatigue. In addition, the seat-side power disconnect device provides more convenient safety control, ensuring that the operator can quickly cut off the power and improve safety performance.<\/p>\n<p><strong><span style=\"font-size: 14pt;\">D\u00fcnya \u00e7ap\u0131nda i\u015fe al\u0131m acenteleri:<\/span><\/strong><br \/>\nODM, OEM, \u00f6zelle\u015ftirilebilir<br \/>\nToptan sipari\u015fler i\u00e7in indirimli fiyatlar mevcuttur.<br \/>\n\u00dcreticiler envantere sahiptir ve h\u0131zl\u0131 teslimat sa\u011flar.<br \/>\nM\u00fc\u015fteri destek personeli, hizmet sunmak i\u00e7in g\u00fcn\u00fcn 24 saati \u00e7evrimi\u00e7idir.<br \/>\nBilgileri doldurun, fiyat teklifi al\u0131n ve acentemiz olun!<\/p>","protected":false},"featured_media":5114,"parent":0,"template":"","meta":{"_acf_changed":false,"_seopress_robots_primary_cat":"none","_seopress_titles_title":"","_seopress_titles_desc":"","_seopress_robots_index":""},"categoryproduct":[41],"class_list":["post-5111","product","type-product","status-publish","has-post-thumbnail","hentry","categoryproduct-rippa-forklift"],"acf":[],"_links":{"self":[{"href":"https:\/\/www.rippa.com\/tr\/wp-json\/wp\/v2\/product\/5111","targetHints":{"allow":["GET"]}}],"collection":[{"href":"https:\/\/www.rippa.com\/tr\/wp-json\/wp\/v2\/product"}],"about":[{"href":"https:\/\/www.rippa.com\/tr\/wp-json\/wp\/v2\/types\/product"}],"wp:featuredmedia":[{"embeddable":true,"href":"https:\/\/www.rippa.com\/tr\/wp-json\/wp\/v2\/media\/5114"}],"wp:attachment":[{"href":"https:\/\/www.rippa.com\/tr\/wp-json\/wp\/v2\/media?parent=5111"}],"wp:term":[{"taxonomy":"categoryproduct","embeddable":true,"href":"https:\/\/www.rippa.com\/tr\/wp-json\/wp\/v2\/categoryproduct?post=5111"}],"curies":[{"name":"wp","href":"https:\/\/api.w.org\/{rel}","templated":true}]}}