{"id":5100,"date":"2025-02-19T14:30:05","date_gmt":"2025-02-19T06:30:05","guid":{"rendered":"https:\/\/rippa.com\/?post_type=product&#038;p=5100"},"modified":"2026-02-25T17:12:24","modified_gmt":"2026-02-25T09:12:24","slug":"electric-forklift-rf20e","status":"publish","type":"product","link":"https:\/\/www.rippa.com\/tr\/product\/electric-forklift-rf20e\/","title":{"rendered":"Electric forklift RF20E"},"content":{"rendered":"<p>The all-AC system utilizes advanced AC drive motors and AC hydraulic motorto achieve high performance at a low cost. AC motors do not require motorbrushes or containers to be inspected or replaced, which greatly reducesoverall routine maintenance costs. AC motors also provide high operatingefficiency, long operating life, and longer operating time compared to traditionalDC motors. The forklift&#8217;s power saving features increase the forklift&#8217;s ability tooperate longer without reducing productivity or performance.<\/p>\n<p><strong><span style=\"font-size: 14pt;\">D\u00fcnya \u00e7ap\u0131nda i\u015fe al\u0131m acenteleri:<\/span><\/strong><br \/>\nODM, OEM, \u00f6zelle\u015ftirilebilir<br \/>\nToptan sipari\u015fler i\u00e7in indirimli fiyatlar mevcuttur.<br \/>\n\u00dcreticiler envantere sahiptir ve h\u0131zl\u0131 teslimat sa\u011flar.<br \/>\nM\u00fc\u015fteri destek personeli, hizmet sunmak i\u00e7in g\u00fcn\u00fcn 24 saati \u00e7evrimi\u00e7idir.<br \/>\nBilgileri doldurun, fiyat teklifi al\u0131n ve acentemiz olun!<\/p>","protected":false},"featured_media":5103,"parent":0,"template":"","meta":{"_acf_changed":false,"_seopress_robots_primary_cat":"none","_seopress_titles_title":"","_seopress_titles_desc":"","_seopress_robots_index":""},"categoryproduct":[41],"class_list":["post-5100","product","type-product","status-publish","has-post-thumbnail","hentry","categoryproduct-rippa-forklift"],"acf":[],"_links":{"self":[{"href":"https:\/\/www.rippa.com\/tr\/wp-json\/wp\/v2\/product\/5100","targetHints":{"allow":["GET"]}}],"collection":[{"href":"https:\/\/www.rippa.com\/tr\/wp-json\/wp\/v2\/product"}],"about":[{"href":"https:\/\/www.rippa.com\/tr\/wp-json\/wp\/v2\/types\/product"}],"wp:featuredmedia":[{"embeddable":true,"href":"https:\/\/www.rippa.com\/tr\/wp-json\/wp\/v2\/media\/5103"}],"wp:attachment":[{"href":"https:\/\/www.rippa.com\/tr\/wp-json\/wp\/v2\/media?parent=5100"}],"wp:term":[{"taxonomy":"categoryproduct","embeddable":true,"href":"https:\/\/www.rippa.com\/tr\/wp-json\/wp\/v2\/categoryproduct?post=5100"}],"curies":[{"name":"wp","href":"https:\/\/api.w.org\/{rel}","templated":true}]}}