{"id":1685,"date":"2024-09-14T15:12:00","date_gmt":"2024-09-14T07:12:00","guid":{"rendered":"https:\/\/www.rippa.com\/?post_type=product&#038;p=1685"},"modified":"2026-02-25T16:44:39","modified_gmt":"2026-02-25T08:44:39","slug":"r350-mini-excavator","status":"publish","type":"product","link":"https:\/\/www.rippa.com\/tr\/product\/r350-mini-excavator\/","title":{"rendered":"Mini Excavator R350"},"content":{"rendered":"<p><img loading=\"lazy\" decoding=\"async\" class=\"alignnone size-full wp-image-1708\" src=\"https:\/\/www.rippa.com\/wp-content\/uploads\/2024\/09\/CE.jpg\" alt=\"\" width=\"56\" height=\"29\" srcset=\"https:\/\/www.rippa.com\/wp-content\/uploads\/2024\/09\/CE.jpg 56w, https:\/\/www.rippa.com\/wp-content\/uploads\/2024\/09\/CE-18x9.jpg 18w\" sizes=\"auto, (max-width: 56px) 100vw, 56px\" \/> \u00a0<img loading=\"lazy\" decoding=\"async\" class=\"alignnone size-full wp-image-1709\" src=\"https:\/\/www.rippa.com\/wp-content\/uploads\/2024\/09\/EPA-4.jpg\" alt=\"\" width=\"56\" height=\"29\" srcset=\"https:\/\/www.rippa.com\/wp-content\/uploads\/2024\/09\/EPA-4.jpg 56w, https:\/\/www.rippa.com\/wp-content\/uploads\/2024\/09\/EPA-4-18x9.jpg 18w\" sizes=\"auto, (max-width: 56px) 100vw, 56px\" \/> \u00a0<img loading=\"lazy\" decoding=\"async\" class=\"alignnone size-full wp-image-1710\" src=\"https:\/\/www.rippa.com\/wp-content\/uploads\/2024\/09\/\u6b27\u4e94.jpg\" alt=\"\" width=\"56\" height=\"29\" srcset=\"https:\/\/www.rippa.com\/wp-content\/uploads\/2024\/09\/\u6b27\u4e94.jpg 56w, https:\/\/www.rippa.com\/wp-content\/uploads\/2024\/09\/\u6b27\u4e94-18x9.jpg 18w\" sizes=\"auto, (max-width: 56px) 100vw, 56px\" \/><\/p>\n<p>The R350 mini excavator&#8217;s advantages in performance, operation, durability, comfort, maintenance convenience and safety make it very suitable for export trade promotion.<\/p>\n<p><strong><span style=\"font-size: 14pt;\">D\u00fcnya \u00e7ap\u0131nda i\u015fe al\u0131m acenteleri:<\/span><\/strong><br \/>\nODM, OEM, \u00f6zelle\u015ftirilebilir<br \/>\nToptan sipari\u015fler i\u00e7in indirimli fiyatlar mevcuttur.<br \/>\n\u00dcreticiler envantere sahiptir ve h\u0131zl\u0131 teslimat sa\u011flar.<br \/>\nM\u00fc\u015fteri destek personeli, hizmet sunmak i\u00e7in g\u00fcn\u00fcn 24 saati \u00e7evrimi\u00e7idir.<br \/>\nBilgileri doldurun, fiyat teklifi al\u0131n ve acentemiz olun!<\/p>","protected":false},"featured_media":2578,"parent":0,"template":"","meta":{"_acf_changed":false,"_seopress_robots_primary_cat":"none","_seopress_titles_title":"","_seopress_titles_desc":"","_seopress_robots_index":""},"categoryproduct":[29],"class_list":["post-1685","product","type-product","status-publish","has-post-thumbnail","hentry","categoryproduct-mini-excavator"],"acf":[],"_links":{"self":[{"href":"https:\/\/www.rippa.com\/tr\/wp-json\/wp\/v2\/product\/1685","targetHints":{"allow":["GET"]}}],"collection":[{"href":"https:\/\/www.rippa.com\/tr\/wp-json\/wp\/v2\/product"}],"about":[{"href":"https:\/\/www.rippa.com\/tr\/wp-json\/wp\/v2\/types\/product"}],"wp:featuredmedia":[{"embeddable":true,"href":"https:\/\/www.rippa.com\/tr\/wp-json\/wp\/v2\/media\/2578"}],"wp:attachment":[{"href":"https:\/\/www.rippa.com\/tr\/wp-json\/wp\/v2\/media?parent=1685"}],"wp:term":[{"taxonomy":"categoryproduct","embeddable":true,"href":"https:\/\/www.rippa.com\/tr\/wp-json\/wp\/v2\/categoryproduct?post=1685"}],"curies":[{"name":"wp","href":"https:\/\/api.w.org\/{rel}","templated":true}]}}