{"id":1607,"date":"2024-09-17T16:42:42","date_gmt":"2024-09-17T08:42:42","guid":{"rendered":"https:\/\/www.rippa.com\/?post_type=product&#038;p=1607"},"modified":"2026-02-25T17:24:54","modified_gmt":"2026-02-25T09:24:54","slug":"r230-large-excavator","status":"publish","type":"product","link":"https:\/\/www.rippa.com\/tr\/product\/r230-buyuk-ekskavator\/","title":{"rendered":"R230 B\u00fcy\u00fck Ekskavat\u00f6r"},"content":{"rendered":"<p>The advantages of the R230 large excavator in terms of power performance, production efficiency, quality durability, operating comfort, maintenance convenience, and after-sales service support will help attract the attention of potential customers for export trade.<\/p>\n<p><strong>K\u00fcresel temsilcilerin i\u015fe al\u0131nmas\u0131:<\/strong><br \/>\nODM, OEM, toptan sat\u0131\u015f<br \/>\nSipari\u015fler indirimli fiyatlardan yararlanabilir.<br \/>\n\u00dcreticinin envanteri ve h\u0131zl\u0131 teslimat\u0131 vard\u0131r.<br \/>\nM\u00fc\u015fteri hizmetleri personeli g\u00fcn\u00fcn 24 saati online olarak hizmet vermektedir.<br \/>\nBilgileri doldurun, fiyat teklifi al\u0131n ve acentemiz olun!<\/p>","protected":false},"featured_media":5306,"parent":0,"template":"","meta":{"_acf_changed":false,"_seopress_robots_primary_cat":"none","_seopress_titles_title":"","_seopress_titles_desc":"","_seopress_robots_index":""},"categoryproduct":[30],"class_list":["post-1607","product","type-product","status-publish","has-post-thumbnail","hentry","categoryproduct-large-excavator"],"acf":[],"_links":{"self":[{"href":"https:\/\/www.rippa.com\/tr\/wp-json\/wp\/v2\/product\/1607","targetHints":{"allow":["GET"]}}],"collection":[{"href":"https:\/\/www.rippa.com\/tr\/wp-json\/wp\/v2\/product"}],"about":[{"href":"https:\/\/www.rippa.com\/tr\/wp-json\/wp\/v2\/types\/product"}],"wp:featuredmedia":[{"embeddable":true,"href":"https:\/\/www.rippa.com\/tr\/wp-json\/wp\/v2\/media\/5306"}],"wp:attachment":[{"href":"https:\/\/www.rippa.com\/tr\/wp-json\/wp\/v2\/media?parent=1607"}],"wp:term":[{"taxonomy":"categoryproduct","embeddable":true,"href":"https:\/\/www.rippa.com\/tr\/wp-json\/wp\/v2\/categoryproduct?post=1607"}],"curies":[{"name":"wp","href":"https:\/\/api.w.org\/{rel}","templated":true}]}}