{"id":1604,"date":"2024-09-17T16:44:56","date_gmt":"2024-09-17T08:44:56","guid":{"rendered":"https:\/\/www.rippa.com\/?post_type=product&#038;p=1604"},"modified":"2026-02-25T17:19:11","modified_gmt":"2026-02-25T09:19:11","slug":"r150-large-excavator","status":"publish","type":"product","link":"https:\/\/www.rippa.com\/tr\/product\/r150-large-excavator\/","title":{"rendered":"R150 B\u00fcy\u00fck Ekskavat\u00f6r"},"content":{"rendered":"<p><img loading=\"lazy\" decoding=\"async\" class=\"alignnone size-full wp-image-1710\" src=\"https:\/\/www.rippa.com\/wp-content\/uploads\/2024\/09\/\u6b27\u4e94.jpg\" alt=\"\" width=\"56\" height=\"29\" srcset=\"https:\/\/www.rippa.com\/wp-content\/uploads\/2024\/09\/\u6b27\u4e94.jpg 56w, https:\/\/www.rippa.com\/wp-content\/uploads\/2024\/09\/\u6b27\u4e94-18x9.jpg 18w\" sizes=\"auto, (max-width: 56px) 100vw, 56px\" \/><\/p>\n<p>Rippa R150 large excavator has become a leader in the excavator market with its powerful power system, efficient hydraulic system, rugged and durable structural design, comfortable driving environment, wide range of applications and environmentally friendly emission performance, meeting the diverse needs of different customers.<\/p>\n<p><strong>K\u00fcresel temsilcilerin i\u015fe al\u0131nmas\u0131:<\/strong><br \/>\nODM, OEM, toptan sat\u0131\u015f<br \/>\nOrders can enjoy discounts.<br \/>\n\u00dcreticinin envanteri ve h\u0131zl\u0131 teslimat\u0131 vard\u0131r.<br \/>\nM\u00fc\u015fteri hizmetleri personeli g\u00fcn\u00fcn 24 saati online olarak hizmet vermektedir.<br \/>\nBilgileri doldurun, fiyat teklifi al\u0131n ve acentemiz olun!<\/p>","protected":false},"featured_media":5304,"parent":0,"template":"","meta":{"_acf_changed":false,"_seopress_robots_primary_cat":"none","_seopress_titles_title":"","_seopress_titles_desc":"","_seopress_robots_index":""},"categoryproduct":[30],"class_list":["post-1604","product","type-product","status-publish","has-post-thumbnail","hentry","categoryproduct-large-excavator"],"acf":[],"_links":{"self":[{"href":"https:\/\/www.rippa.com\/tr\/wp-json\/wp\/v2\/product\/1604","targetHints":{"allow":["GET"]}}],"collection":[{"href":"https:\/\/www.rippa.com\/tr\/wp-json\/wp\/v2\/product"}],"about":[{"href":"https:\/\/www.rippa.com\/tr\/wp-json\/wp\/v2\/types\/product"}],"wp:featuredmedia":[{"embeddable":true,"href":"https:\/\/www.rippa.com\/tr\/wp-json\/wp\/v2\/media\/5304"}],"wp:attachment":[{"href":"https:\/\/www.rippa.com\/tr\/wp-json\/wp\/v2\/media?parent=1604"}],"wp:term":[{"taxonomy":"categoryproduct","embeddable":true,"href":"https:\/\/www.rippa.com\/tr\/wp-json\/wp\/v2\/categoryproduct?post=1604"}],"curies":[{"name":"wp","href":"https:\/\/api.w.org\/{rel}","templated":true}]}}