{"id":1581,"date":"2024-09-14T17:26:34","date_gmt":"2024-09-14T09:26:34","guid":{"rendered":"https:\/\/www.rippa.com\/?post_type=product&#038;p=1581"},"modified":"2026-04-21T16:41:04","modified_gmt":"2026-04-21T08:41:04","slug":"rl50-wheel-loader","status":"publish","type":"product","link":"https:\/\/www.rippa.com\/tr\/product\/rl50-wheel-loader\/","title":{"rendered":"RL50 Wheel Loader"},"content":{"rendered":"<p>RIPPA RL50 loader has a significant competitive advantage in the loader market with its high performance, versatility, easy operation and maintenance, excellent design features and excellent cost performance.<\/p>\n<p><strong>K\u00fcresel temsilcilerin i\u015fe al\u0131nmas\u0131:<\/strong><br \/>\nODM, OEM, \u00f6zelle\u015ftirilebilir<br \/>\nToptan sipari\u015fler i\u00e7in indirimler mevcuttur.<br \/>\nFactory inventory and fast delivery.<br \/>\nM\u00fc\u015fteri hizmetleri personeli, hizmet sunmak i\u00e7in g\u00fcn\u00fcn 24 saati \u00e7evrimi\u00e7idir.<br \/>\nBilgileri doldurun, fiyat teklifi al\u0131n ve acentemiz olun!<\/p>","protected":false},"featured_media":12373,"parent":0,"template":"","meta":{"_acf_changed":false,"_seopress_robots_primary_cat":"none","_seopress_titles_title":"","_seopress_titles_desc":"","_seopress_robots_index":""},"categoryproduct":[43],"class_list":["post-1581","product","type-product","status-publish","has-post-thumbnail","hentry","categoryproduct-wheel-loader"],"acf":[],"_links":{"self":[{"href":"https:\/\/www.rippa.com\/tr\/wp-json\/wp\/v2\/product\/1581","targetHints":{"allow":["GET"]}}],"collection":[{"href":"https:\/\/www.rippa.com\/tr\/wp-json\/wp\/v2\/product"}],"about":[{"href":"https:\/\/www.rippa.com\/tr\/wp-json\/wp\/v2\/types\/product"}],"wp:featuredmedia":[{"embeddable":true,"href":"https:\/\/www.rippa.com\/tr\/wp-json\/wp\/v2\/media\/12373"}],"wp:attachment":[{"href":"https:\/\/www.rippa.com\/tr\/wp-json\/wp\/v2\/media?parent=1581"}],"wp:term":[{"taxonomy":"categoryproduct","embeddable":true,"href":"https:\/\/www.rippa.com\/tr\/wp-json\/wp\/v2\/categoryproduct?post=1581"}],"curies":[{"name":"wp","href":"https:\/\/api.w.org\/{rel}","templated":true}]}}