{"id":1395,"date":"2024-09-16T15:30:55","date_gmt":"2024-09-16T07:30:55","guid":{"rendered":"https:\/\/www.rippa.com\/?post_type=product&#038;p=1395"},"modified":"2024-11-14T10:10:28","modified_gmt":"2024-11-14T02:10:28","slug":"r535-rough-terrain-forklift","status":"publish","type":"product","link":"https:\/\/www.rippa.com\/tr\/product\/r535-rough-terrain-forklift\/","title":{"rendered":"R535 Arazi Tipi Forklift"},"content":{"rendered":"<p>The R535 off-road forklift is known for its excellent off-road performance. It can easily cope with muddy, rugged and other complex terrains, ensuring unlimited operations. Its powerful power system and stable body design have strong load-bearing capacity and high operating efficiency. At the same time, the off-road forklift has flexible operability and precise control performance to meet different operating needs. Durable, reliable, easy to maintain, and reduced in use costs, the R535 off-road forklift is an ideal choice to improve operating efficiency, expand operating scope, and ensure operating safety.<\/p>\n<p><strong>D\u00fcnya \u00e7ap\u0131nda i\u015fe al\u0131m acenteleri:<\/strong><br \/>\nODM, OEM, \u00f6zelle\u015ftirilebilir<br \/>\nToptan sipari\u015fler i\u00e7in indirimli fiyatlar mevcuttur.<br \/>\n\u00dcreticiler envantere sahiptir ve h\u0131zl\u0131 teslimat sa\u011flar.<br \/>\nM\u00fc\u015fteri destek personeli, hizmet sunmak i\u00e7in g\u00fcn\u00fcn 24 saati \u00e7evrimi\u00e7idir.<br \/>\nBilgileri doldurun, fiyat teklifi al\u0131n ve acentemiz olun!<\/p>","protected":false},"featured_media":2593,"parent":0,"template":"","meta":{"_acf_changed":false,"_seopress_robots_primary_cat":"none","_seopress_titles_title":"","_seopress_titles_desc":"","_seopress_robots_index":""},"categoryproduct":[41],"class_list":["post-1395","product","type-product","status-publish","has-post-thumbnail","hentry","categoryproduct-rippa-forklift"],"acf":[],"_links":{"self":[{"href":"https:\/\/www.rippa.com\/tr\/wp-json\/wp\/v2\/product\/1395","targetHints":{"allow":["GET"]}}],"collection":[{"href":"https:\/\/www.rippa.com\/tr\/wp-json\/wp\/v2\/product"}],"about":[{"href":"https:\/\/www.rippa.com\/tr\/wp-json\/wp\/v2\/types\/product"}],"wp:featuredmedia":[{"embeddable":true,"href":"https:\/\/www.rippa.com\/tr\/wp-json\/wp\/v2\/media\/2593"}],"wp:attachment":[{"href":"https:\/\/www.rippa.com\/tr\/wp-json\/wp\/v2\/media?parent=1395"}],"wp:term":[{"taxonomy":"categoryproduct","embeddable":true,"href":"https:\/\/www.rippa.com\/tr\/wp-json\/wp\/v2\/categoryproduct?post=1395"}],"curies":[{"name":"wp","href":"https:\/\/api.w.org\/{rel}","templated":true}]}}