{"id":23,"date":"2024-08-13T14:57:38","date_gmt":"2024-08-13T06:57:38","guid":{"rendered":"http:\/\/haonuo.cc\/?page_id=23"},"modified":"2025-06-06T14:40:48","modified_gmt":"2025-06-06T06:40:48","slug":"aboutus","status":"publish","type":"page","link":"https:\/\/www.rippa.com\/tr\/hakkimizda\/","title":{"rendered":"Hakk\u0131m\u0131zda"},"content":{"rendered":"<p>Shandong Rippa Machinery Group Co, Ltd, merkezi \u00c7in'in Shandong Eyaleti, Jining \u015fehrinde bulunan ve y\u00fcksek kaliteli in\u015faat makineleri ve ekipmanlar\u0131n\u0131n ara\u015ft\u0131rma, geli\u015ftirme, \u00fcretim ve sat\u0131\u015f\u0131na odaklanan k\u00fcresel bir makine imalat \u015firketidir. \u015eirketin \u00fcr\u00fcnleri aras\u0131nda tar\u0131m, in\u015faat, madencilik ve di\u011fer sekt\u00f6rlerde yayg\u0131n olarak kullan\u0131lan ekskavat\u00f6rler, y\u00fckleyiciler, forkliftler, mini y\u00fckleyiciler ve bunlar\u0131n aksesuarlar\u0131 yer almaktad\u0131r. Yenilik\u00e7i Ar-Ge yetenekleri ve s\u0131k\u0131 kalite kontrol\u00fc ile Rippa Machinery taraf\u0131ndan sa\u011flanan ekipman d\u00fcnya \u00e7ap\u0131nda y\u00fcksek bir \u00fcne sahiptir. A\u011f\u0131rl\u0131kl\u0131 olarak Avrupa ve Amerika pazarlar\u0131na ihracat yap\u0131yor ve m\u00fc\u015fterilerin uygun maliyetli ve y\u00fcksek kaliteli \u00fcr\u00fcn ihtiya\u00e7lar\u0131n\u0131 kar\u015f\u0131lamay\u0131 taahh\u00fct ederek bir y\u0131ll\u0131k kalite garantisi sa\u011fl\u0131yoruz. Rippa ayr\u0131ca d\u00fcnya \u00e7ap\u0131nda birden fazla acenteye sahiptir ve sat\u0131\u015f \u00f6ncesi dan\u0131\u015fmanl\u0131ktan sat\u0131\u015f sonras\u0131 deste\u011fe kadar tek elden hizmet sunarak m\u00fc\u015fterilerin \u00fcr\u00fcn se\u00e7imi, teslimat ve bak\u0131m konusunda en iyi deneyimi ya\u015famas\u0131n\u0131 sa\u011flar.<\/p>","protected":false},"excerpt":{"rendered":"<p>Shandong Rippa Machinery Group Co., Ltd. is a global machinery manufacturing company headquartered in Jining, Shandong Province, China, focusing on the research, development, production and sales of high-quality construction machinery and equipment. The company&#8217;s products include excavators, loaders, forklifts, skid loaders and their accessories, which are widely used in agriculture, construction, mining and other industries. [&hellip;]<\/p>\n","protected":false},"author":1,"featured_media":2813,"parent":0,"menu_order":3,"comment_status":"closed","ping_status":"closed","template":"about.php","meta":{"_acf_changed":false,"_seopress_robots_primary_cat":"","_seopress_titles_title":"","_seopress_titles_desc":"","_seopress_robots_index":"","footnotes":""},"class_list":["post-23","page","type-page","status-publish","has-post-thumbnail","hentry"],"acf":[],"_links":{"self":[{"href":"https:\/\/www.rippa.com\/tr\/wp-json\/wp\/v2\/pages\/23","targetHints":{"allow":["GET"]}}],"collection":[{"href":"https:\/\/www.rippa.com\/tr\/wp-json\/wp\/v2\/pages"}],"about":[{"href":"https:\/\/www.rippa.com\/tr\/wp-json\/wp\/v2\/types\/page"}],"author":[{"embeddable":true,"href":"https:\/\/www.rippa.com\/tr\/wp-json\/wp\/v2\/users\/1"}],"replies":[{"embeddable":true,"href":"https:\/\/www.rippa.com\/tr\/wp-json\/wp\/v2\/comments?post=23"}],"version-history":[{"count":0,"href":"https:\/\/www.rippa.com\/tr\/wp-json\/wp\/v2\/pages\/23\/revisions"}],"wp:featuredmedia":[{"embeddable":true,"href":"https:\/\/www.rippa.com\/tr\/wp-json\/wp\/v2\/media\/2813"}],"wp:attachment":[{"href":"https:\/\/www.rippa.com\/tr\/wp-json\/wp\/v2\/media?parent=23"}],"curies":[{"name":"wp","href":"https:\/\/api.w.org\/{rel}","templated":true}]}}