{"id":930,"date":"2024-09-17T16:53:16","date_gmt":"2024-09-17T08:53:16","guid":{"rendered":"https:\/\/rippa.rippa.cc\/?post_type=product&#038;p=930"},"modified":"2026-05-09T14:51:19","modified_gmt":"2026-05-09T06:51:19","slug":"mini-excavator-r32","status":"publish","type":"product","link":"https:\/\/www.rippa.com\/sv\/product\/mini-excavator-r32\/","title":{"rendered":"Minigr\u00e4vmaskin R32"},"content":{"rendered":"<p><img loading=\"lazy\" decoding=\"async\" class=\"alignnone size-full wp-image-1708\" src=\"https:\/\/www.rippa.com\/wp-content\/uploads\/2024\/09\/CE.jpg\" alt=\"\" width=\"56\" height=\"29\" srcset=\"https:\/\/www.rippa.com\/wp-content\/uploads\/2024\/09\/CE.jpg 56w, https:\/\/www.rippa.com\/wp-content\/uploads\/2024\/09\/CE-18x9.jpg 18w\" sizes=\"auto, (max-width: 56px) 100vw, 56px\" \/> \u00a0<img loading=\"lazy\" decoding=\"async\" class=\"alignnone size-full wp-image-1709\" src=\"https:\/\/www.rippa.com\/wp-content\/uploads\/2024\/09\/EPA-4.jpg\" alt=\"\" width=\"56\" height=\"29\" srcset=\"https:\/\/www.rippa.com\/wp-content\/uploads\/2024\/09\/EPA-4.jpg 56w, https:\/\/www.rippa.com\/wp-content\/uploads\/2024\/09\/EPA-4-18x9.jpg 18w\" sizes=\"auto, (max-width: 56px) 100vw, 56px\" \/> \u00a0<img loading=\"lazy\" decoding=\"async\" class=\"alignnone size-full wp-image-1710\" src=\"https:\/\/www.rippa.com\/wp-content\/uploads\/2024\/09\/\u6b27\u4e94.jpg\" alt=\"\" width=\"56\" height=\"29\" srcset=\"https:\/\/www.rippa.com\/wp-content\/uploads\/2024\/09\/\u6b27\u4e94.jpg 56w, https:\/\/www.rippa.com\/wp-content\/uploads\/2024\/09\/\u6b27\u4e94-18x9.jpg 18w\" sizes=\"auto, (max-width: 56px) 100vw, 56px\" \/><\/p>\n<p>RIPPA R32 PRO mini excavator is semi-pro grade for bigger excavation volumes and higher productivity. It\u2019s well matched to pool digging and light construction workflows that demand jobsite stability and efficiency. Ideal for users stepping up to larger projects and faster delivery.<\/p>\n<p><span style=\"font-size: 14pt;\"><strong>Rekryterar agenter \u00f6ver hela v\u00e4rlden:<\/strong><\/span><br \/>\nRabatterade priser tillg\u00e4ngliga f\u00f6r grossistorder.<br \/>\nTillverkarna har lager och ger snabb leverans.<br \/>\nKundtj\u00e4nstpersonalen \u00e4r online 24 timmar om dygnet f\u00f6r att tillhandah\u00e5lla tj\u00e4nster.<br \/>\nFyll i informationen, f\u00e5 en offert och bli v\u00e5r agent!<\/p>","protected":false},"featured_media":12292,"parent":0,"template":"","meta":{"_acf_changed":false,"_seopress_robots_primary_cat":"none","_seopress_titles_title":"","_seopress_titles_desc":"","_seopress_robots_index":""},"categoryproduct":[29],"class_list":["post-930","product","type-product","status-publish","has-post-thumbnail","hentry","categoryproduct-mini-excavator"],"acf":[],"_links":{"self":[{"href":"https:\/\/www.rippa.com\/sv\/wp-json\/wp\/v2\/product\/930","targetHints":{"allow":["GET"]}}],"collection":[{"href":"https:\/\/www.rippa.com\/sv\/wp-json\/wp\/v2\/product"}],"about":[{"href":"https:\/\/www.rippa.com\/sv\/wp-json\/wp\/v2\/types\/product"}],"wp:featuredmedia":[{"embeddable":true,"href":"https:\/\/www.rippa.com\/sv\/wp-json\/wp\/v2\/media\/12292"}],"wp:attachment":[{"href":"https:\/\/www.rippa.com\/sv\/wp-json\/wp\/v2\/media?parent=930"}],"wp:term":[{"taxonomy":"categoryproduct","embeddable":true,"href":"https:\/\/www.rippa.com\/sv\/wp-json\/wp\/v2\/categoryproduct?post=930"}],"curies":[{"name":"wp","href":"https:\/\/api.w.org\/{rel}","templated":true}]}}