{"id":1483,"date":"2024-12-13T15:53:52","date_gmt":"2024-12-13T07:53:52","guid":{"rendered":"https:\/\/www.rippa.com\/?post_type=product&#038;p=1483"},"modified":"2026-03-30T14:00:19","modified_gmt":"2026-03-30T06:00:19","slug":"rs07-skid-steer","status":"publish","type":"product","link":"https:\/\/www.rippa.com\/sv\/product\/rs07-skid-steer\/","title":{"rendered":"RS07 Kompaktlastare"},"content":{"rendered":"<p><img loading=\"lazy\" decoding=\"async\" class=\"alignnone size-full wp-image-1709\" src=\"https:\/\/www.rippa.com\/wp-content\/uploads\/2024\/09\/EPA-4.jpg\" alt=\"\" width=\"56\" height=\"29\" srcset=\"https:\/\/www.rippa.com\/wp-content\/uploads\/2024\/09\/EPA-4.jpg 56w, https:\/\/www.rippa.com\/wp-content\/uploads\/2024\/09\/EPA-4-18x9.jpg 18w\" sizes=\"auto, (max-width: 56px) 100vw, 56px\" \/> \u00a0<img loading=\"lazy\" decoding=\"async\" class=\"alignnone size-full wp-image-1710\" src=\"https:\/\/www.rippa.com\/wp-content\/uploads\/2024\/09\/\u6b27\u4e94.jpg\" alt=\"\" width=\"56\" height=\"29\" srcset=\"https:\/\/www.rippa.com\/wp-content\/uploads\/2024\/09\/\u6b27\u4e94.jpg 56w, https:\/\/www.rippa.com\/wp-content\/uploads\/2024\/09\/\u6b27\u4e94-18x9.jpg 18w\" sizes=\"auto, (max-width: 56px) 100vw, 56px\" \/><\/p>\n<p>RIPPA RS07 skid steer loader has strong power, high stability, comfortable operating environment, versatility and fast conversion ability, high reliability and durability, easy maintenance and environmentally friendly design, making it a product sold on the market and very suitable for export trade.<\/p>\n<p><strong>Rekrytering av globala agenter:<\/strong><br \/>\nBest\u00e4llare kan njuta av rabatterade priser.<br \/>\nTillverkaren har inventering och snabb leverans.<br \/>\nKundtj\u00e4nstpersonal tillhandah\u00e5ller tj\u00e4nster online 24 timmar om dygnet.<br \/>\nFyll i informationen, f\u00e5 en offert och bli v\u00e5r agent!<\/p>","protected":false},"featured_media":12301,"parent":0,"template":"","meta":{"_acf_changed":false,"_seopress_robots_primary_cat":"none","_seopress_titles_title":"","_seopress_titles_desc":"","_seopress_robots_index":""},"categoryproduct":[44],"class_list":["post-1483","product","type-product","status-publish","has-post-thumbnail","hentry","categoryproduct-skid-steer"],"acf":[],"_links":{"self":[{"href":"https:\/\/www.rippa.com\/sv\/wp-json\/wp\/v2\/product\/1483","targetHints":{"allow":["GET"]}}],"collection":[{"href":"https:\/\/www.rippa.com\/sv\/wp-json\/wp\/v2\/product"}],"about":[{"href":"https:\/\/www.rippa.com\/sv\/wp-json\/wp\/v2\/types\/product"}],"wp:featuredmedia":[{"embeddable":true,"href":"https:\/\/www.rippa.com\/sv\/wp-json\/wp\/v2\/media\/12301"}],"wp:attachment":[{"href":"https:\/\/www.rippa.com\/sv\/wp-json\/wp\/v2\/media?parent=1483"}],"wp:term":[{"taxonomy":"categoryproduct","embeddable":true,"href":"https:\/\/www.rippa.com\/sv\/wp-json\/wp\/v2\/categoryproduct?post=1483"}],"curies":[{"name":"wp","href":"https:\/\/api.w.org\/{rel}","templated":true}]}}