{"id":1480,"date":"2024-12-14T15:52:42","date_gmt":"2024-12-14T07:52:42","guid":{"rendered":"https:\/\/www.rippa.com\/?post_type=product&#038;p=1480"},"modified":"2026-04-15T13:29:47","modified_gmt":"2026-04-15T05:29:47","slug":"rs06-skid-steer","status":"publish","type":"product","link":"https:\/\/www.rippa.com\/sv\/product\/rs06-skid-steer\/","title":{"rendered":"RS06 Kompaktlastare"},"content":{"rendered":"<p><img loading=\"lazy\" decoding=\"async\" class=\"alignnone size-full wp-image-1709\" src=\"https:\/\/www.rippa.com\/wp-content\/uploads\/2024\/09\/EPA-4.jpg\" alt=\"\" width=\"56\" height=\"29\" srcset=\"https:\/\/www.rippa.com\/wp-content\/uploads\/2024\/09\/EPA-4.jpg 56w, https:\/\/www.rippa.com\/wp-content\/uploads\/2024\/09\/EPA-4-18x9.jpg 18w\" sizes=\"auto, (max-width: 56px) 100vw, 56px\" \/> \u00a0<img loading=\"lazy\" decoding=\"async\" class=\"alignnone size-full wp-image-1710\" src=\"https:\/\/www.rippa.com\/wp-content\/uploads\/2024\/09\/\u6b27\u4e94.jpg\" alt=\"\" width=\"56\" height=\"29\" srcset=\"https:\/\/www.rippa.com\/wp-content\/uploads\/2024\/09\/\u6b27\u4e94.jpg 56w, https:\/\/www.rippa.com\/wp-content\/uploads\/2024\/09\/\u6b27\u4e94-18x9.jpg 18w\" sizes=\"auto, (max-width: 56px) 100vw, 56px\" \/><\/p>\n<p>RS06 skidlastare antar intelligent hastighetskontrollsystem, och pilotman\u00f6verhandtaget f\u00f6rb\u00e4ttrar noggrannhet och effektivitet; st\u00f6der multifunktionell plug-in snabbbyte, anpassar sig till olika arbetsf\u00f6rh\u00e5llanden; kompakt och flexibel struktur, h\u00e5llbar och p\u00e5litlig, l\u00e4mplig f\u00f6r drift i sm\u00e5 utrymmen och underh\u00e5ll p\u00e5 den internationella marknaden.<\/p>\n<p><strong>Rekrytering av globala agenter:<\/strong><br \/>\nBest\u00e4llare kan njuta av rabatterade priser.<br \/>\nTillverkaren har inventering och snabb leverans.<br \/>\nKundtj\u00e4nstpersonal tillhandah\u00e5ller tj\u00e4nster online 24 timmar om dygnet.<br \/>\nFyll i informationen, f\u00e5 en offert och bli v\u00e5r agent!<\/p>","protected":false},"featured_media":12300,"parent":0,"template":"","meta":{"_acf_changed":false,"_seopress_robots_primary_cat":"none","_seopress_titles_title":"","_seopress_titles_desc":"","_seopress_robots_index":""},"categoryproduct":[44],"class_list":["post-1480","product","type-product","status-publish","has-post-thumbnail","hentry","categoryproduct-skid-steer"],"acf":[],"_links":{"self":[{"href":"https:\/\/www.rippa.com\/sv\/wp-json\/wp\/v2\/product\/1480","targetHints":{"allow":["GET"]}}],"collection":[{"href":"https:\/\/www.rippa.com\/sv\/wp-json\/wp\/v2\/product"}],"about":[{"href":"https:\/\/www.rippa.com\/sv\/wp-json\/wp\/v2\/types\/product"}],"wp:featuredmedia":[{"embeddable":true,"href":"https:\/\/www.rippa.com\/sv\/wp-json\/wp\/v2\/media\/12300"}],"wp:attachment":[{"href":"https:\/\/www.rippa.com\/sv\/wp-json\/wp\/v2\/media?parent=1480"}],"wp:term":[{"taxonomy":"categoryproduct","embeddable":true,"href":"https:\/\/www.rippa.com\/sv\/wp-json\/wp\/v2\/categoryproduct?post=1480"}],"curies":[{"name":"wp","href":"https:\/\/api.w.org\/{rel}","templated":true}]}}