{"id":1499,"date":"2024-09-15T16:24:15","date_gmt":"2024-09-15T08:24:15","guid":{"rendered":"https:\/\/www.rippa.com\/?post_type=product&#038;p=1499"},"modified":"2026-03-18T11:00:20","modified_gmt":"2026-03-18T03:00:20","slug":"backhoe-loader-rb30","status":"publish","type":"product","link":"https:\/\/www.rippa.com\/sl\/product\/bager-nakladalnik-rb30\/","title":{"rendered":"Nakladalnik z bagrom RB30"},"content":{"rendered":"<p><img loading=\"lazy\" decoding=\"async\" class=\"alignnone size-full wp-image-1709\" src=\"https:\/\/www.rippa.com\/wp-content\/uploads\/2024\/09\/EPA-4.jpg\" alt=\"\" width=\"56\" height=\"29\" srcset=\"https:\/\/www.rippa.com\/wp-content\/uploads\/2024\/09\/EPA-4.jpg 56w, https:\/\/www.rippa.com\/wp-content\/uploads\/2024\/09\/EPA-4-18x9.jpg 18w\" sizes=\"auto, (max-width: 56px) 100vw, 56px\" \/> \u00a0<img loading=\"lazy\" decoding=\"async\" class=\"alignnone size-full wp-image-1710\" src=\"https:\/\/www.rippa.com\/wp-content\/uploads\/2024\/09\/\u6b27\u4e94.jpg\" alt=\"\" width=\"56\" height=\"29\" srcset=\"https:\/\/www.rippa.com\/wp-content\/uploads\/2024\/09\/\u6b27\u4e94.jpg 56w, https:\/\/www.rippa.com\/wp-content\/uploads\/2024\/09\/\u6b27\u4e94-18x9.jpg 18w\" sizes=\"auto, (max-width: 56px) 100vw, 56px\" \/><\/p>\n<p>Kopa\u010d-nakladalec RB30 je postal prednostni izdelek za izvozno trgovino s svojo zmogljivo zmogljivostjo delovanja, odli\u010dno stabilnostjo upravljanja, udobno izku\u0161njo vo\u017enje, trajno in zanesljivo zasnovo ter \u0161iroko paleto aplikacij, ki lahko izpolnijo razli\u010dne potrebe razli\u010dnih strank na mednarodnem trgu.<\/p>\n<p><strong>Iskreno zaposlujemo globalne agente:<\/strong><br \/>\nODM, OEM, prilagodljivo<br \/>\nZa naro\u010dila na debelo so na voljo popusti,<br \/>\nProizvajalci imajo zaloge in jih hitro dostavijo,<br \/>\nStoritve za stranke so na voljo 24 ur na spletu,<br \/>\nIzpolnite podatke, pridobite ponudbo in postanite na\u0161 zastopnik!<\/p>","protected":false},"featured_media":12306,"parent":0,"template":"","meta":{"_acf_changed":false,"_seopress_robots_primary_cat":"none","_seopress_titles_title":"","_seopress_titles_desc":"","_seopress_robots_index":""},"categoryproduct":[36],"class_list":["post-1499","product","type-product","status-publish","has-post-thumbnail","hentry","categoryproduct-loader"],"acf":[],"_links":{"self":[{"href":"https:\/\/www.rippa.com\/sl\/wp-json\/wp\/v2\/product\/1499","targetHints":{"allow":["GET"]}}],"collection":[{"href":"https:\/\/www.rippa.com\/sl\/wp-json\/wp\/v2\/product"}],"about":[{"href":"https:\/\/www.rippa.com\/sl\/wp-json\/wp\/v2\/types\/product"}],"wp:featuredmedia":[{"embeddable":true,"href":"https:\/\/www.rippa.com\/sl\/wp-json\/wp\/v2\/media\/12306"}],"wp:attachment":[{"href":"https:\/\/www.rippa.com\/sl\/wp-json\/wp\/v2\/media?parent=1499"}],"wp:term":[{"taxonomy":"categoryproduct","embeddable":true,"href":"https:\/\/www.rippa.com\/sl\/wp-json\/wp\/v2\/categoryproduct?post=1499"}],"curies":[{"name":"wp","href":"https:\/\/api.w.org\/{rel}","templated":true}]}}