{"id":220,"date":"2024-09-17T16:54:23","date_gmt":"2024-09-17T08:54:23","guid":{"rendered":"http:\/\/localhost\/?post_type=product&#038;p=220"},"modified":"2026-03-30T16:11:53","modified_gmt":"2026-03-30T08:11:53","slug":"mini-excavator-r22","status":"publish","type":"product","link":"https:\/\/www.rippa.com\/sk\/product\/mini-excavator-r22\/","title":{"rendered":"Minir\u00fdpadlo R22"},"content":{"rendered":"<p><img loading=\"lazy\" decoding=\"async\" class=\"alignnone size-full wp-image-1708\" src=\"https:\/\/www.rippa.com\/wp-content\/uploads\/2024\/09\/CE.jpg\" alt=\"\" width=\"56\" height=\"29\" srcset=\"https:\/\/www.rippa.com\/wp-content\/uploads\/2024\/09\/CE.jpg 56w, https:\/\/www.rippa.com\/wp-content\/uploads\/2024\/09\/CE-18x9.jpg 18w\" sizes=\"auto, (max-width: 56px) 100vw, 56px\" \/> \u00a0<img loading=\"lazy\" decoding=\"async\" class=\"alignnone size-full wp-image-1709\" src=\"https:\/\/www.rippa.com\/wp-content\/uploads\/2024\/09\/EPA-4.jpg\" alt=\"\" width=\"56\" height=\"29\" srcset=\"https:\/\/www.rippa.com\/wp-content\/uploads\/2024\/09\/EPA-4.jpg 56w, https:\/\/www.rippa.com\/wp-content\/uploads\/2024\/09\/EPA-4-18x9.jpg 18w\" sizes=\"auto, (max-width: 56px) 100vw, 56px\" \/> \u00a0<img loading=\"lazy\" decoding=\"async\" class=\"alignnone size-full wp-image-1710\" src=\"https:\/\/www.rippa.com\/wp-content\/uploads\/2024\/09\/\u6b27\u4e94.jpg\" alt=\"\" width=\"56\" height=\"29\" srcset=\"https:\/\/www.rippa.com\/wp-content\/uploads\/2024\/09\/\u6b27\u4e94.jpg 56w, https:\/\/www.rippa.com\/wp-content\/uploads\/2024\/09\/\u6b27\u4e94-18x9.jpg 18w\" sizes=\"auto, (max-width: 56px) 100vw, 56px\" \/><\/p>\n<p>RIPPA R22 PRO mini excavator is stability-focused for heavier, steadier work on larger properties. It suits farm construction workflows like site prep and ongoing maintenance where uptime and consistent performance matter. Ideal for users transitioning from homeowner use to semi-pro workloads.<\/p>\n<p><span style=\"font-size: 14pt;\"><strong>N\u00e1bor agentov po celom svete:<\/strong><\/span><br \/>\nZ\u00e1soby s\u00fa k dispoz\u00edcii v distribu\u010dnom centre, ktor\u00e9 je najbli\u017e\u0161ie k v\u00e1m, s r\u00fdchlym dodan\u00edm a kompletn\u00fdm pr\u00edslu\u0161enstvom.<br \/>\nPracovn\u00edci z\u00e1kazn\u00edckeho servisu s\u00fa 24 hod\u00edn denne online, aby v\u00e1m poskytli slu\u017eby.<br \/>\nVypl\u0148te svoje \u00fadaje, z\u00edskajte cenov\u00fa ponuku a sta\u0148te sa na\u0161im agentom!<\/p>","protected":false},"featured_media":12290,"parent":0,"template":"","meta":{"_acf_changed":false,"_seopress_robots_primary_cat":"none","_seopress_titles_title":"","_seopress_titles_desc":"","_seopress_robots_index":""},"categoryproduct":[29],"class_list":["post-220","product","type-product","status-publish","has-post-thumbnail","hentry","categoryproduct-mini-excavator"],"acf":[],"_links":{"self":[{"href":"https:\/\/www.rippa.com\/sk\/wp-json\/wp\/v2\/product\/220","targetHints":{"allow":["GET"]}}],"collection":[{"href":"https:\/\/www.rippa.com\/sk\/wp-json\/wp\/v2\/product"}],"about":[{"href":"https:\/\/www.rippa.com\/sk\/wp-json\/wp\/v2\/types\/product"}],"wp:featuredmedia":[{"embeddable":true,"href":"https:\/\/www.rippa.com\/sk\/wp-json\/wp\/v2\/media\/12290"}],"wp:attachment":[{"href":"https:\/\/www.rippa.com\/sk\/wp-json\/wp\/v2\/media?parent=220"}],"wp:term":[{"taxonomy":"categoryproduct","embeddable":true,"href":"https:\/\/www.rippa.com\/sk\/wp-json\/wp\/v2\/categoryproduct?post=220"}],"curies":[{"name":"wp","href":"https:\/\/api.w.org\/{rel}","templated":true}]}}