{"id":1685,"date":"2024-09-14T15:12:00","date_gmt":"2024-09-14T07:12:00","guid":{"rendered":"https:\/\/www.rippa.com\/?post_type=product&#038;p=1685"},"modified":"2026-02-25T16:44:39","modified_gmt":"2026-02-25T08:44:39","slug":"r350-mini-excavator","status":"publish","type":"product","link":"https:\/\/www.rippa.com\/sk\/product\/r350-mini-excavator\/","title":{"rendered":"Mini Excavator R350"},"content":{"rendered":"<p><img loading=\"lazy\" decoding=\"async\" class=\"alignnone size-full wp-image-1708\" src=\"https:\/\/www.rippa.com\/wp-content\/uploads\/2024\/09\/CE.jpg\" alt=\"\" width=\"56\" height=\"29\" srcset=\"https:\/\/www.rippa.com\/wp-content\/uploads\/2024\/09\/CE.jpg 56w, https:\/\/www.rippa.com\/wp-content\/uploads\/2024\/09\/CE-18x9.jpg 18w\" sizes=\"auto, (max-width: 56px) 100vw, 56px\" \/> \u00a0<img loading=\"lazy\" decoding=\"async\" class=\"alignnone size-full wp-image-1709\" src=\"https:\/\/www.rippa.com\/wp-content\/uploads\/2024\/09\/EPA-4.jpg\" alt=\"\" width=\"56\" height=\"29\" srcset=\"https:\/\/www.rippa.com\/wp-content\/uploads\/2024\/09\/EPA-4.jpg 56w, https:\/\/www.rippa.com\/wp-content\/uploads\/2024\/09\/EPA-4-18x9.jpg 18w\" sizes=\"auto, (max-width: 56px) 100vw, 56px\" \/> \u00a0<img loading=\"lazy\" decoding=\"async\" class=\"alignnone size-full wp-image-1710\" src=\"https:\/\/www.rippa.com\/wp-content\/uploads\/2024\/09\/\u6b27\u4e94.jpg\" alt=\"\" width=\"56\" height=\"29\" srcset=\"https:\/\/www.rippa.com\/wp-content\/uploads\/2024\/09\/\u6b27\u4e94.jpg 56w, https:\/\/www.rippa.com\/wp-content\/uploads\/2024\/09\/\u6b27\u4e94-18x9.jpg 18w\" sizes=\"auto, (max-width: 56px) 100vw, 56px\" \/><\/p>\n<p>The R350 mini excavator&#8217;s advantages in performance, operation, durability, comfort, maintenance convenience and safety make it very suitable for export trade promotion.<\/p>\n<p><strong><span style=\"font-size: 14pt;\">N\u00e1bor agentov po celom svete:<\/span><\/strong><br \/>\nODM, OEM, prisp\u00f4sobite\u013en\u00e9<br \/>\nPri ve\u013ekoobchodn\u00fdch objedn\u00e1vkach s\u00fa k dispoz\u00edcii zv\u00fdhodnen\u00e9 ceny.<br \/>\nV\u00fdrobcovia maj\u00fa z\u00e1soby a poskytuj\u00fa r\u00fdchle dodanie.<br \/>\nPracovn\u00edci z\u00e1kazn\u00edckej podpory s\u00fa 24 hod\u00edn denne online a poskytuj\u00fa slu\u017eby.<br \/>\nVypl\u0148te inform\u00e1cie, z\u00edskajte cenov\u00fa ponuku a sta\u0148te sa na\u0161im agentom!<\/p>","protected":false},"featured_media":2578,"parent":0,"template":"","meta":{"_acf_changed":false,"_seopress_robots_primary_cat":"none","_seopress_titles_title":"","_seopress_titles_desc":"","_seopress_robots_index":""},"categoryproduct":[29],"class_list":["post-1685","product","type-product","status-publish","has-post-thumbnail","hentry","categoryproduct-mini-excavator"],"acf":[],"_links":{"self":[{"href":"https:\/\/www.rippa.com\/sk\/wp-json\/wp\/v2\/product\/1685","targetHints":{"allow":["GET"]}}],"collection":[{"href":"https:\/\/www.rippa.com\/sk\/wp-json\/wp\/v2\/product"}],"about":[{"href":"https:\/\/www.rippa.com\/sk\/wp-json\/wp\/v2\/types\/product"}],"wp:featuredmedia":[{"embeddable":true,"href":"https:\/\/www.rippa.com\/sk\/wp-json\/wp\/v2\/media\/2578"}],"wp:attachment":[{"href":"https:\/\/www.rippa.com\/sk\/wp-json\/wp\/v2\/media?parent=1685"}],"wp:term":[{"taxonomy":"categoryproduct","embeddable":true,"href":"https:\/\/www.rippa.com\/sk\/wp-json\/wp\/v2\/categoryproduct?post=1685"}],"curies":[{"name":"wp","href":"https:\/\/api.w.org\/{rel}","templated":true}]}}