{"id":1486,"date":"2024-09-16T15:54:46","date_gmt":"2024-09-16T07:54:46","guid":{"rendered":"https:\/\/www.rippa.com\/?post_type=product&#038;p=1486"},"modified":"2026-03-30T14:56:49","modified_gmt":"2026-03-30T06:56:49","slug":"rs20-skid-steer","status":"publish","type":"product","link":"https:\/\/www.rippa.com\/sk\/product\/rs20-skid-steer\/","title":{"rendered":"\u0160mykom riaden\u00fd naklada\u010d RS20"},"content":{"rendered":"<p><img loading=\"lazy\" decoding=\"async\" class=\"alignnone size-full wp-image-1709\" src=\"https:\/\/www.rippa.com\/wp-content\/uploads\/2024\/09\/EPA-4.jpg\" alt=\"\" width=\"56\" height=\"29\" srcset=\"https:\/\/www.rippa.com\/wp-content\/uploads\/2024\/09\/EPA-4.jpg 56w, https:\/\/www.rippa.com\/wp-content\/uploads\/2024\/09\/EPA-4-18x9.jpg 18w\" sizes=\"auto, (max-width: 56px) 100vw, 56px\" \/> \u00a0<img loading=\"lazy\" decoding=\"async\" class=\"alignnone size-full wp-image-1710\" src=\"https:\/\/www.rippa.com\/wp-content\/uploads\/2024\/09\/\u6b27\u4e94.jpg\" alt=\"\" width=\"56\" height=\"29\" srcset=\"https:\/\/www.rippa.com\/wp-content\/uploads\/2024\/09\/\u6b27\u4e94.jpg 56w, https:\/\/www.rippa.com\/wp-content\/uploads\/2024\/09\/\u6b27\u4e94-18x9.jpg 18w\" sizes=\"auto, (max-width: 56px) 100vw, 56px\" \/><\/p>\n<p>V\u00fdhody \u0161mykom riaden\u00e9ho naklada\u010da RIPPA RS20 v oblasti v\u00fdkonu, komfortu, jednoduch\u00e9ho pou\u017e\u00edvania, v\u0161estrannosti a v\u00fdhod zna\u010dky pom\u00e1haj\u00fa pril\u00e1ka\u0165 potenci\u00e1lnych z\u00e1kazn\u00edkov v oblasti exportu.<\/p>\n<p>N\u00e1bor glob\u00e1lnych agentov:<br \/>\nObjedn\u00e1vky m\u00f4\u017eu vyu\u017e\u00edva\u0165 z\u013eavnen\u00e9 ceny.<br \/>\nTov\u00e1rensk\u00e9 z\u00e1soby, r\u00fdchle dodanie.<br \/>\nPracovn\u00edci z\u00e1kazn\u00edckeho servisu s\u00fa 24 hod\u00edn denne online a poskytuj\u00fa slu\u017eby.<br \/>\nVypl\u0148te inform\u00e1cie, z\u00edskajte cenov\u00fa ponuku a sta\u0148te sa na\u0161im agentom!<\/p>","protected":false},"featured_media":12303,"parent":0,"template":"","meta":{"_acf_changed":false,"_seopress_robots_primary_cat":"none","_seopress_titles_title":"","_seopress_titles_desc":"","_seopress_robots_index":""},"categoryproduct":[44],"class_list":["post-1486","product","type-product","status-publish","has-post-thumbnail","hentry","categoryproduct-skid-steer"],"acf":[],"_links":{"self":[{"href":"https:\/\/www.rippa.com\/sk\/wp-json\/wp\/v2\/product\/1486","targetHints":{"allow":["GET"]}}],"collection":[{"href":"https:\/\/www.rippa.com\/sk\/wp-json\/wp\/v2\/product"}],"about":[{"href":"https:\/\/www.rippa.com\/sk\/wp-json\/wp\/v2\/types\/product"}],"wp:featuredmedia":[{"embeddable":true,"href":"https:\/\/www.rippa.com\/sk\/wp-json\/wp\/v2\/media\/12303"}],"wp:attachment":[{"href":"https:\/\/www.rippa.com\/sk\/wp-json\/wp\/v2\/media?parent=1486"}],"wp:term":[{"taxonomy":"categoryproduct","embeddable":true,"href":"https:\/\/www.rippa.com\/sk\/wp-json\/wp\/v2\/categoryproduct?post=1486"}],"curies":[{"name":"wp","href":"https:\/\/api.w.org\/{rel}","templated":true}]}}