{"id":1459,"date":"2024-12-16T15:50:39","date_gmt":"2024-12-16T07:50:39","guid":{"rendered":"https:\/\/www.rippa.com\/?post_type=product&#038;p=1459"},"modified":"2026-03-30T13:07:28","modified_gmt":"2026-03-30T05:07:28","slug":"rs03-skid-steer","status":"publish","type":"product","link":"https:\/\/www.rippa.com\/sk\/product\/rs03-skid-steer\/","title":{"rendered":"\u0160mykom riaden\u00fd naklada\u010d RS03"},"content":{"rendered":"<p><img loading=\"lazy\" decoding=\"async\" class=\"alignnone size-full wp-image-1708\" src=\"https:\/\/www.rippa.com\/wp-content\/uploads\/2024\/09\/CE.jpg\" alt=\"\" width=\"56\" height=\"29\" srcset=\"https:\/\/www.rippa.com\/wp-content\/uploads\/2024\/09\/CE.jpg 56w, https:\/\/www.rippa.com\/wp-content\/uploads\/2024\/09\/CE-18x9.jpg 18w\" sizes=\"auto, (max-width: 56px) 100vw, 56px\" \/> \u00a0<img loading=\"lazy\" decoding=\"async\" class=\"alignnone size-full wp-image-1709\" src=\"https:\/\/www.rippa.com\/wp-content\/uploads\/2024\/09\/EPA-4.jpg\" alt=\"\" width=\"56\" height=\"29\" srcset=\"https:\/\/www.rippa.com\/wp-content\/uploads\/2024\/09\/EPA-4.jpg 56w, https:\/\/www.rippa.com\/wp-content\/uploads\/2024\/09\/EPA-4-18x9.jpg 18w\" sizes=\"auto, (max-width: 56px) 100vw, 56px\" \/> \u00a0<img loading=\"lazy\" decoding=\"async\" class=\"alignnone size-full wp-image-1710\" src=\"https:\/\/www.rippa.com\/wp-content\/uploads\/2024\/09\/\u6b27\u4e94.jpg\" alt=\"\" width=\"56\" height=\"29\" srcset=\"https:\/\/www.rippa.com\/wp-content\/uploads\/2024\/09\/\u6b27\u4e94.jpg 56w, https:\/\/www.rippa.com\/wp-content\/uploads\/2024\/09\/\u6b27\u4e94-18x9.jpg 18w\" sizes=\"auto, (max-width: 56px) 100vw, 56px\" \/><\/p>\n<p>RIPPA RS03 skid loader has excellent performance, efficient design, diverse feature selection, and strong brand advantages, making it an ideal choice for export trade.<\/p>\n<p><strong>We are looking for global agents:<\/strong><br \/>\nObjedn\u00e1vky m\u00f4\u017eu vyu\u017e\u00edva\u0165 z\u013eavnen\u00e9 ceny.<br \/>\nV\u00fdrobca m\u00e1 z\u00e1soby a r\u00fdchle dodanie.<br \/>\nPracovn\u00edci z\u00e1kazn\u00edckeho servisu poskytuj\u00fa slu\u017eby online 24 hod\u00edn denne.<br \/>\nVypl\u0148te svoje \u00fadaje, z\u00edskajte cenov\u00fa ponuku a sta\u0148te sa na\u0161im agentom!<\/p>","protected":false},"featured_media":12297,"parent":0,"template":"","meta":{"_acf_changed":false,"_seopress_robots_primary_cat":"none","_seopress_titles_title":"","_seopress_titles_desc":"","_seopress_robots_index":""},"categoryproduct":[44],"class_list":["post-1459","product","type-product","status-publish","has-post-thumbnail","hentry","categoryproduct-skid-steer"],"acf":[],"_links":{"self":[{"href":"https:\/\/www.rippa.com\/sk\/wp-json\/wp\/v2\/product\/1459","targetHints":{"allow":["GET"]}}],"collection":[{"href":"https:\/\/www.rippa.com\/sk\/wp-json\/wp\/v2\/product"}],"about":[{"href":"https:\/\/www.rippa.com\/sk\/wp-json\/wp\/v2\/types\/product"}],"wp:featuredmedia":[{"embeddable":true,"href":"https:\/\/www.rippa.com\/sk\/wp-json\/wp\/v2\/media\/12297"}],"wp:attachment":[{"href":"https:\/\/www.rippa.com\/sk\/wp-json\/wp\/v2\/media?parent=1459"}],"wp:term":[{"taxonomy":"categoryproduct","embeddable":true,"href":"https:\/\/www.rippa.com\/sk\/wp-json\/wp\/v2\/categoryproduct?post=1459"}],"curies":[{"name":"wp","href":"https:\/\/api.w.org\/{rel}","templated":true}]}}