{"id":1350,"date":"2024-09-14T13:49:53","date_gmt":"2024-09-14T05:49:53","guid":{"rendered":"https:\/\/www.rippa.com\/?post_type=product&#038;p=1350"},"modified":"2026-02-25T16:52:33","modified_gmt":"2026-02-25T08:52:33","slug":"mini-excavator-r328","status":"publish","type":"product","link":"https:\/\/www.rippa.com\/sk\/product\/mini-excavator-r328\/","title":{"rendered":"Mini Excavator R328"},"content":{"rendered":"<p><img loading=\"lazy\" decoding=\"async\" class=\"alignnone wp-image-1706\" src=\"https:\/\/www.rippa.com\/wp-content\/uploads\/2024\/09\/EPA-4.png\" alt=\"\" width=\"56\" height=\"29\" srcset=\"https:\/\/www.rippa.com\/wp-content\/uploads\/2024\/09\/EPA-4.png 772w, https:\/\/www.rippa.com\/wp-content\/uploads\/2024\/09\/EPA-4-768x398.png 768w, https:\/\/www.rippa.com\/wp-content\/uploads\/2024\/09\/EPA-4-18x9.png 18w\" sizes=\"auto, (max-width: 56px) 100vw, 56px\" \/> \u00a0<img loading=\"lazy\" decoding=\"async\" class=\"alignnone wp-image-1707\" src=\"https:\/\/www.rippa.com\/wp-content\/uploads\/2024\/09\/\u6b27\u4e94.png\" alt=\"\" width=\"56\" height=\"29\" srcset=\"https:\/\/www.rippa.com\/wp-content\/uploads\/2024\/09\/\u6b27\u4e94.png 772w, https:\/\/www.rippa.com\/wp-content\/uploads\/2024\/09\/\u6b27\u4e94-768x398.png 768w, https:\/\/www.rippa.com\/wp-content\/uploads\/2024\/09\/\u6b27\u4e94-18x9.png 18w\" sizes=\"auto, (max-width: 56px) 100vw, 56px\" \/><\/p>\n<p>RIPPA R328 small excavator has become an ideal choice to meet the needs of various users with its excellent performance, efficient operating experience, safe and comfortable driving environment and reliable and durable design.<\/p>\n<p><strong><span style=\"font-size: 14pt;\">N\u00e1bor agentov po celom svete:<\/span><\/strong><br \/>\nODM, OEM, prisp\u00f4sobite\u013en\u00e9<br \/>\nPri ve\u013ekoobchodn\u00fdch objedn\u00e1vkach s\u00fa k dispoz\u00edcii zv\u00fdhodnen\u00e9 ceny.<br \/>\nV\u00fdrobcovia maj\u00fa z\u00e1soby a poskytuj\u00fa r\u00fdchle dodanie.<br \/>\nPracovn\u00edci z\u00e1kazn\u00edckej podpory s\u00fa 24 hod\u00edn denne online a poskytuj\u00fa slu\u017eby.<br \/>\nVypl\u0148te inform\u00e1cie, z\u00edskajte cenov\u00fa ponuku a sta\u0148te sa na\u0161im agentom!<\/p>","protected":false},"featured_media":1353,"parent":0,"template":"","meta":{"_acf_changed":false,"_seopress_robots_primary_cat":"none","_seopress_titles_title":"","_seopress_titles_desc":"","_seopress_robots_index":""},"categoryproduct":[29],"class_list":["post-1350","product","type-product","status-publish","has-post-thumbnail","hentry","categoryproduct-mini-excavator"],"acf":[],"_links":{"self":[{"href":"https:\/\/www.rippa.com\/sk\/wp-json\/wp\/v2\/product\/1350","targetHints":{"allow":["GET"]}}],"collection":[{"href":"https:\/\/www.rippa.com\/sk\/wp-json\/wp\/v2\/product"}],"about":[{"href":"https:\/\/www.rippa.com\/sk\/wp-json\/wp\/v2\/types\/product"}],"wp:featuredmedia":[{"embeddable":true,"href":"https:\/\/www.rippa.com\/sk\/wp-json\/wp\/v2\/media\/1353"}],"wp:attachment":[{"href":"https:\/\/www.rippa.com\/sk\/wp-json\/wp\/v2\/media?parent=1350"}],"wp:term":[{"taxonomy":"categoryproduct","embeddable":true,"href":"https:\/\/www.rippa.com\/sk\/wp-json\/wp\/v2\/categoryproduct?post=1350"}],"curies":[{"name":"wp","href":"https:\/\/api.w.org\/{rel}","templated":true}]}}