{"id":1556,"date":"2024-09-17T15:40:29","date_gmt":"2024-09-17T07:40:29","guid":{"rendered":"https:\/\/www.rippa.com\/?post_type=product&#038;p=1556"},"modified":"2026-04-21T16:38:53","modified_gmt":"2026-04-21T08:38:53","slug":"rl06-wheel-loader","status":"publish","type":"product","link":"https:\/\/www.rippa.com\/ro\/product\/rl06-incarcator-pe-roti\/","title":{"rendered":"RL06 \u00cenc\u0103rc\u0103tor pe ro\u021bi"},"content":{"rendered":"<p><img loading=\"lazy\" decoding=\"async\" class=\"alignnone size-full wp-image-1708\" src=\"https:\/\/www.rippa.com\/wp-content\/uploads\/2024\/09\/CE.jpg\" alt=\"\" width=\"56\" height=\"29\" srcset=\"https:\/\/www.rippa.com\/wp-content\/uploads\/2024\/09\/CE.jpg 56w, https:\/\/www.rippa.com\/wp-content\/uploads\/2024\/09\/CE-18x9.jpg 18w\" sizes=\"auto, (max-width: 56px) 100vw, 56px\" \/> \u00a0<img loading=\"lazy\" decoding=\"async\" class=\"alignnone size-full wp-image-1710\" src=\"https:\/\/www.rippa.com\/wp-content\/uploads\/2024\/09\/\u6b27\u4e94.jpg\" alt=\"\" width=\"56\" height=\"29\" srcset=\"https:\/\/www.rippa.com\/wp-content\/uploads\/2024\/09\/\u6b27\u4e94.jpg 56w, https:\/\/www.rippa.com\/wp-content\/uploads\/2024\/09\/\u6b27\u4e94-18x9.jpg 18w\" sizes=\"auto, (max-width: 56px) 100vw, 56px\" \/><\/p>\n<p>Avantajele \u00eenc\u0103rc\u0103torului RIPPA RL06 \u00een ceea ce prive\u0219te eficien\u021ba, costul, versatilitatea, u\u0219urin\u021ba de utilizare, durabilitatea \u0219i protec\u021bia mediului contribuie la atragerea poten\u021bialilor clien\u021bi \u00een comer\u021bul de export.<\/p>\n<p><strong>Recrutarea de agen\u021bi globali:<\/strong><br \/>\nODM, OEM, en-gros<br \/>\nComenzile se pot bucura de pre\u021buri reduse.<br \/>\nFabrica are inventar \u0219i livrare rapid\u0103.<br \/>\nPersonalul serviciului clien\u021bi este disponibil online 24 de ore pe zi pentru a oferi servicii.<br \/>\nCompleta\u021bi informa\u021biile, ob\u021bine\u021bi o ofert\u0103 \u0219i deveni\u021bi agentul nostru!<\/p>","protected":false},"featured_media":11452,"parent":0,"template":"","meta":{"_acf_changed":false,"_seopress_robots_primary_cat":"none","_seopress_titles_title":"","_seopress_titles_desc":"","_seopress_robots_index":""},"categoryproduct":[43],"class_list":["post-1556","product","type-product","status-publish","has-post-thumbnail","hentry","categoryproduct-wheel-loader"],"acf":[],"_links":{"self":[{"href":"https:\/\/www.rippa.com\/ro\/wp-json\/wp\/v2\/product\/1556","targetHints":{"allow":["GET"]}}],"collection":[{"href":"https:\/\/www.rippa.com\/ro\/wp-json\/wp\/v2\/product"}],"about":[{"href":"https:\/\/www.rippa.com\/ro\/wp-json\/wp\/v2\/types\/product"}],"wp:featuredmedia":[{"embeddable":true,"href":"https:\/\/www.rippa.com\/ro\/wp-json\/wp\/v2\/media\/11452"}],"wp:attachment":[{"href":"https:\/\/www.rippa.com\/ro\/wp-json\/wp\/v2\/media?parent=1556"}],"wp:term":[{"taxonomy":"categoryproduct","embeddable":true,"href":"https:\/\/www.rippa.com\/ro\/wp-json\/wp\/v2\/categoryproduct?post=1556"}],"curies":[{"name":"wp","href":"https:\/\/api.w.org\/{rel}","templated":true}]}}