{"id":5121,"date":"2026-04-22T14:57:22","date_gmt":"2026-04-22T06:57:22","guid":{"rendered":"https:\/\/rippa.com\/?post_type=product&#038;p=5121"},"modified":"2026-04-22T15:59:18","modified_gmt":"2026-04-22T07:59:18","slug":"electric-forklift-rf30e","status":"publish","type":"product","link":"https:\/\/www.rippa.com\/pt\/product\/electric-forklift-rf30e\/","title":{"rendered":"Electric forklift RF30E"},"content":{"rendered":"<p>The all-AC system utilizes advanced AC drive motors and AC hydraulic motorto achieve high performance at a low cost. AC motors do not require motorbrushes or containers to be inspected or replaced, which greatly reducesoverall routine maintenance costs, AC motors also provide high operatingeffciency, long operating life, and longer operating time compared to traditionalDC motors. The forklift&#8217;s power saving features increase the forklift&#8217;s ability tooperate longer without reducing productivity or performance.<\/p>\n<p><strong><span style=\"font-size: 14pt;\">Recrutamento de agentes em todo o mundo:<\/span><\/strong><br \/>\nODM, OEM, personaliz\u00e1vel<br \/>\nPre\u00e7os com desconto para encomendas por grosso.<br \/>\nOs fabricantes disp\u00f5em de exist\u00eancias e efectuam entregas r\u00e1pidas.<br \/>\nO pessoal de apoio ao cliente est\u00e1 online 24 horas por dia para prestar servi\u00e7os.<br \/>\nPreencha as informa\u00e7\u00f5es, obtenha um or\u00e7amento e torne-se nosso agente!<\/p>","protected":false},"featured_media":5124,"parent":0,"template":"","meta":{"_acf_changed":false,"_seopress_robots_primary_cat":"none","_seopress_titles_title":"","_seopress_titles_desc":"","_seopress_robots_index":""},"categoryproduct":[41],"class_list":["post-5121","product","type-product","status-publish","has-post-thumbnail","hentry","categoryproduct-rippa-forklift"],"acf":[],"_links":{"self":[{"href":"https:\/\/www.rippa.com\/pt\/wp-json\/wp\/v2\/product\/5121","targetHints":{"allow":["GET"]}}],"collection":[{"href":"https:\/\/www.rippa.com\/pt\/wp-json\/wp\/v2\/product"}],"about":[{"href":"https:\/\/www.rippa.com\/pt\/wp-json\/wp\/v2\/types\/product"}],"wp:featuredmedia":[{"embeddable":true,"href":"https:\/\/www.rippa.com\/pt\/wp-json\/wp\/v2\/media\/5124"}],"wp:attachment":[{"href":"https:\/\/www.rippa.com\/pt\/wp-json\/wp\/v2\/media?parent=5121"}],"wp:term":[{"taxonomy":"categoryproduct","embeddable":true,"href":"https:\/\/www.rippa.com\/pt\/wp-json\/wp\/v2\/categoryproduct?post=5121"}],"curies":[{"name":"wp","href":"https:\/\/api.w.org\/{rel}","templated":true}]}}