{"id":1616,"date":"2024-09-17T16:36:08","date_gmt":"2024-09-17T08:36:08","guid":{"rendered":"https:\/\/www.rippa.com\/?post_type=product&#038;p=1616"},"modified":"2026-02-25T17:28:26","modified_gmt":"2026-02-25T09:28:26","slug":"r520-large-excavator","status":"publish","type":"product","link":"https:\/\/www.rippa.com\/pt\/product\/r520-large-excavator\/","title":{"rendered":"R520 Escavadora de grande porte"},"content":{"rendered":"<p>Rippa R520 large excavator has significant competitive advantages in the excavator market with its core selling points such as high efficiency and energy saving, intelligent control, reliable and durable, comfortable and convenient, easy maintenance, safe and reliable, and perfect after-sales service.<\/p>\n<p><strong>Sincerely recruit global agents:<\/strong><br \/>\nODM, OEM, personaliz\u00e1vel<br \/>\nWholesale orders can enjoy discounts.<br \/>\nThe manufacturer has inventory and delivers quickly.<br \/>\nO pessoal do servi\u00e7o de apoio ao cliente presta servi\u00e7os em linha 24 horas por dia.<br \/>\nPreencha as informa\u00e7\u00f5es, obtenha um or\u00e7amento e torne-se nosso agente!<\/p>","protected":false},"featured_media":2554,"parent":0,"template":"","meta":{"_acf_changed":false,"_seopress_robots_primary_cat":"none","_seopress_titles_title":"","_seopress_titles_desc":"","_seopress_robots_index":""},"categoryproduct":[30],"class_list":["post-1616","product","type-product","status-publish","has-post-thumbnail","hentry","categoryproduct-large-excavator"],"acf":[],"_links":{"self":[{"href":"https:\/\/www.rippa.com\/pt\/wp-json\/wp\/v2\/product\/1616","targetHints":{"allow":["GET"]}}],"collection":[{"href":"https:\/\/www.rippa.com\/pt\/wp-json\/wp\/v2\/product"}],"about":[{"href":"https:\/\/www.rippa.com\/pt\/wp-json\/wp\/v2\/types\/product"}],"wp:featuredmedia":[{"embeddable":true,"href":"https:\/\/www.rippa.com\/pt\/wp-json\/wp\/v2\/media\/2554"}],"wp:attachment":[{"href":"https:\/\/www.rippa.com\/pt\/wp-json\/wp\/v2\/media?parent=1616"}],"wp:term":[{"taxonomy":"categoryproduct","embeddable":true,"href":"https:\/\/www.rippa.com\/pt\/wp-json\/wp\/v2\/categoryproduct?post=1616"}],"curies":[{"name":"wp","href":"https:\/\/api.w.org\/{rel}","templated":true}]}}