{"id":1610,"date":"2024-09-17T16:40:36","date_gmt":"2024-09-17T08:40:36","guid":{"rendered":"https:\/\/www.rippa.com\/?post_type=product&#038;p=1610"},"modified":"2026-02-25T17:25:41","modified_gmt":"2026-02-25T09:25:41","slug":"r320-large-excavator","status":"publish","type":"product","link":"https:\/\/www.rippa.com\/pt\/product\/r320-large-excavator\/","title":{"rendered":"R320 Escavadora de grande porte"},"content":{"rendered":"<p>The R320 large excavator has strong competitiveness in the excavator market with its core selling points such as efficient power system, energy saving and consumption reduction, intelligent control, durability and reliability, humanized design, convenient maintenance, perfect service support, upgraded configuration and options, green environmental protection, etc., and is very suitable for export trade.<\/p>\n<p><strong>Sincerely recruit global agents:<\/strong><br \/>\nODM, OEM, personaliz\u00e1vel<br \/>\nWholesale orders can enjoy discount prices.<br \/>\nO fabricante disp\u00f5e de um stock e de uma entrega r\u00e1pida.<br \/>\nO pessoal do servi\u00e7o de apoio ao cliente presta servi\u00e7os em linha 24 horas por dia.<br \/>\nPreencha as informa\u00e7\u00f5es, obtenha um or\u00e7amento e torne-se nosso agente!<\/p>","protected":false},"featured_media":5308,"parent":0,"template":"","meta":{"_acf_changed":false,"_seopress_robots_primary_cat":"none","_seopress_titles_title":"","_seopress_titles_desc":"","_seopress_robots_index":""},"categoryproduct":[30],"class_list":["post-1610","product","type-product","status-publish","has-post-thumbnail","hentry","categoryproduct-large-excavator"],"acf":[],"_links":{"self":[{"href":"https:\/\/www.rippa.com\/pt\/wp-json\/wp\/v2\/product\/1610","targetHints":{"allow":["GET"]}}],"collection":[{"href":"https:\/\/www.rippa.com\/pt\/wp-json\/wp\/v2\/product"}],"about":[{"href":"https:\/\/www.rippa.com\/pt\/wp-json\/wp\/v2\/types\/product"}],"wp:featuredmedia":[{"embeddable":true,"href":"https:\/\/www.rippa.com\/pt\/wp-json\/wp\/v2\/media\/5308"}],"wp:attachment":[{"href":"https:\/\/www.rippa.com\/pt\/wp-json\/wp\/v2\/media?parent=1610"}],"wp:term":[{"taxonomy":"categoryproduct","embeddable":true,"href":"https:\/\/www.rippa.com\/pt\/wp-json\/wp\/v2\/categoryproduct?post=1610"}],"curies":[{"name":"wp","href":"https:\/\/api.w.org\/{rel}","templated":true}]}}