{"id":1607,"date":"2024-09-17T16:42:42","date_gmt":"2024-09-17T08:42:42","guid":{"rendered":"https:\/\/www.rippa.com\/?post_type=product&#038;p=1607"},"modified":"2026-02-25T17:24:54","modified_gmt":"2026-02-25T09:24:54","slug":"r230-large-excavator","status":"publish","type":"product","link":"https:\/\/www.rippa.com\/pt\/product\/r230-large-excavator\/","title":{"rendered":"R230 Escavadora de grande porte"},"content":{"rendered":"<p>The advantages of the R230 large excavator in terms of power performance, production efficiency, quality durability, operating comfort, maintenance convenience, and after-sales service support will help attract the attention of potential customers for export trade.<\/p>\n<p><strong>Recrutamento de agentes globais:<\/strong><br \/>\nODM, OEM, grossista<br \/>\nAs encomendas podem beneficiar de pre\u00e7os com desconto.<br \/>\nO fabricante disp\u00f5e de um stock e de uma entrega r\u00e1pida.<br \/>\nO pessoal do servi\u00e7o de apoio ao cliente presta servi\u00e7os em linha 24 horas por dia.<br \/>\nPreencha as informa\u00e7\u00f5es, obtenha um or\u00e7amento e torne-se nosso agente!<\/p>","protected":false},"featured_media":5306,"parent":0,"template":"","meta":{"_acf_changed":false,"_seopress_robots_primary_cat":"none","_seopress_titles_title":"","_seopress_titles_desc":"","_seopress_robots_index":""},"categoryproduct":[30],"class_list":["post-1607","product","type-product","status-publish","has-post-thumbnail","hentry","categoryproduct-large-excavator"],"acf":[],"_links":{"self":[{"href":"https:\/\/www.rippa.com\/pt\/wp-json\/wp\/v2\/product\/1607","targetHints":{"allow":["GET"]}}],"collection":[{"href":"https:\/\/www.rippa.com\/pt\/wp-json\/wp\/v2\/product"}],"about":[{"href":"https:\/\/www.rippa.com\/pt\/wp-json\/wp\/v2\/types\/product"}],"wp:featuredmedia":[{"embeddable":true,"href":"https:\/\/www.rippa.com\/pt\/wp-json\/wp\/v2\/media\/5306"}],"wp:attachment":[{"href":"https:\/\/www.rippa.com\/pt\/wp-json\/wp\/v2\/media?parent=1607"}],"wp:term":[{"taxonomy":"categoryproduct","embeddable":true,"href":"https:\/\/www.rippa.com\/pt\/wp-json\/wp\/v2\/categoryproduct?post=1607"}],"curies":[{"name":"wp","href":"https:\/\/api.w.org\/{rel}","templated":true}]}}