{"id":1581,"date":"2024-09-14T17:26:34","date_gmt":"2024-09-14T09:26:34","guid":{"rendered":"https:\/\/www.rippa.com\/?post_type=product&#038;p=1581"},"modified":"2026-03-19T10:56:07","modified_gmt":"2026-03-19T02:56:07","slug":"rl50-wheel-loader","status":"publish","type":"product","link":"https:\/\/www.rippa.com\/pt\/product\/rl50-wheel-loader\/","title":{"rendered":"RL50 Wheel Loader"},"content":{"rendered":"<p>RIPPA RL50 loader has a significant competitive advantage in the loader market with its high performance, versatility, easy operation and maintenance, excellent design features and excellent cost performance.<\/p>\n<p><strong>Recrutamento de agentes globais:<\/strong><br \/>\nODM, OEM, personaliz\u00e1vel<br \/>\nDiscounts are available for wholesale orders.<br \/>\nFactory inventory and fast delivery.<br \/>\nO pessoal do servi\u00e7o de apoio ao cliente est\u00e1 em linha 24 horas por dia para prestar servi\u00e7os.<br \/>\nPreencha as informa\u00e7\u00f5es, obtenha um or\u00e7amento e torne-se nosso agente!<\/p>","protected":false},"featured_media":12373,"parent":0,"template":"","meta":{"_acf_changed":false,"_seopress_robots_primary_cat":"none","_seopress_titles_title":"","_seopress_titles_desc":"","_seopress_robots_index":""},"categoryproduct":[43],"class_list":["post-1581","product","type-product","status-publish","has-post-thumbnail","hentry","categoryproduct-wheel-loader"],"acf":[],"_links":{"self":[{"href":"https:\/\/www.rippa.com\/pt\/wp-json\/wp\/v2\/product\/1581","targetHints":{"allow":["GET"]}}],"collection":[{"href":"https:\/\/www.rippa.com\/pt\/wp-json\/wp\/v2\/product"}],"about":[{"href":"https:\/\/www.rippa.com\/pt\/wp-json\/wp\/v2\/types\/product"}],"wp:featuredmedia":[{"embeddable":true,"href":"https:\/\/www.rippa.com\/pt\/wp-json\/wp\/v2\/media\/12373"}],"wp:attachment":[{"href":"https:\/\/www.rippa.com\/pt\/wp-json\/wp\/v2\/media?parent=1581"}],"wp:term":[{"taxonomy":"categoryproduct","embeddable":true,"href":"https:\/\/www.rippa.com\/pt\/wp-json\/wp\/v2\/categoryproduct?post=1581"}],"curies":[{"name":"wp","href":"https:\/\/api.w.org\/{rel}","templated":true}]}}