{"id":1494,"date":"2024-09-16T15:07:21","date_gmt":"2024-09-16T07:07:21","guid":{"rendered":"https:\/\/www.rippa.com\/?post_type=product&#038;p=1494"},"modified":"2026-03-14T16:44:20","modified_gmt":"2026-03-14T08:44:20","slug":"backhoe-loader-rb29","status":"publish","type":"product","link":"https:\/\/www.rippa.com\/pt\/product\/retroescavadora-carregadora-rb29\/","title":{"rendered":"Retroescavadora RB29"},"content":{"rendered":"<p><img loading=\"lazy\" decoding=\"async\" class=\"alignnone size-full wp-image-1708\" src=\"https:\/\/www.rippa.com\/wp-content\/uploads\/2024\/09\/CE.jpg\" alt=\"\" width=\"56\" height=\"29\" srcset=\"https:\/\/www.rippa.com\/wp-content\/uploads\/2024\/09\/CE.jpg 56w, https:\/\/www.rippa.com\/wp-content\/uploads\/2024\/09\/CE-18x9.jpg 18w\" sizes=\"auto, (max-width: 56px) 100vw, 56px\" \/> \u00a0<img loading=\"lazy\" decoding=\"async\" class=\"alignnone size-full wp-image-1709\" src=\"https:\/\/www.rippa.com\/wp-content\/uploads\/2024\/09\/EPA-4.jpg\" alt=\"\" width=\"56\" height=\"29\" srcset=\"https:\/\/www.rippa.com\/wp-content\/uploads\/2024\/09\/EPA-4.jpg 56w, https:\/\/www.rippa.com\/wp-content\/uploads\/2024\/09\/EPA-4-18x9.jpg 18w\" sizes=\"auto, (max-width: 56px) 100vw, 56px\" \/>\u00a0\u00a0<img loading=\"lazy\" decoding=\"async\" class=\"alignnone size-full wp-image-1710\" src=\"https:\/\/www.rippa.com\/wp-content\/uploads\/2024\/09\/\u6b27\u4e94.jpg\" alt=\"\" width=\"56\" height=\"29\" srcset=\"https:\/\/www.rippa.com\/wp-content\/uploads\/2024\/09\/\u6b27\u4e94.jpg 56w, https:\/\/www.rippa.com\/wp-content\/uploads\/2024\/09\/\u6b27\u4e94-18x9.jpg 18w\" sizes=\"auto, (max-width: 56px) 100vw, 56px\" \/><\/p>\n<p>A retroescavadora RB29 \u00e9 uma escolha ideal para o com\u00e9rcio de exporta\u00e7\u00e3o com o seu desempenho poderoso, sistema hidr\u00e1ulico eficiente, configura\u00e7\u00e3o de hardware de alta qualidade, design de f\u00e1cil utiliza\u00e7\u00e3o, ampla aplicabilidade e seguran\u00e7a fi\u00e1vel.<\/p>\n<p><strong>Sinceramente recrutando agentes globais:<\/strong><br \/>\nODM, OEM, personaliz\u00e1vel<br \/>\nEst\u00e3o dispon\u00edveis descontos para encomendas por grosso,<br \/>\nOs fabricantes disp\u00f5em de stocks e fazem entregas r\u00e1pidas,<br \/>\nO servi\u00e7o de apoio ao cliente est\u00e1 online 24 horas por dia,<br \/>\nPreencha os dados, obtenha um or\u00e7amento e torne-se nosso agente!<\/p>","protected":false},"featured_media":12164,"parent":0,"template":"","meta":{"_acf_changed":false,"_seopress_robots_primary_cat":"none","_seopress_titles_title":"","_seopress_titles_desc":"","_seopress_robots_index":""},"categoryproduct":[36],"class_list":["post-1494","product","type-product","status-publish","has-post-thumbnail","hentry","categoryproduct-loader"],"acf":[],"_links":{"self":[{"href":"https:\/\/www.rippa.com\/pt\/wp-json\/wp\/v2\/product\/1494","targetHints":{"allow":["GET"]}}],"collection":[{"href":"https:\/\/www.rippa.com\/pt\/wp-json\/wp\/v2\/product"}],"about":[{"href":"https:\/\/www.rippa.com\/pt\/wp-json\/wp\/v2\/types\/product"}],"wp:featuredmedia":[{"embeddable":true,"href":"https:\/\/www.rippa.com\/pt\/wp-json\/wp\/v2\/media\/12164"}],"wp:attachment":[{"href":"https:\/\/www.rippa.com\/pt\/wp-json\/wp\/v2\/media?parent=1494"}],"wp:term":[{"taxonomy":"categoryproduct","embeddable":true,"href":"https:\/\/www.rippa.com\/pt\/wp-json\/wp\/v2\/categoryproduct?post=1494"}],"curies":[{"name":"wp","href":"https:\/\/api.w.org\/{rel}","templated":true}]}}