{"id":23,"date":"2024-08-13T14:57:38","date_gmt":"2024-08-13T06:57:38","guid":{"rendered":"http:\/\/haonuo.cc\/?page_id=23"},"modified":"2025-06-06T14:40:48","modified_gmt":"2025-06-06T06:40:48","slug":"aboutus","status":"publish","type":"page","link":"https:\/\/www.rippa.com\/pt\/aboutus\/","title":{"rendered":"Sobre n\u00f3s"},"content":{"rendered":"<p>Shandong Rippa Machinery Group Co., Ltd. \u00e9 uma empresa global de fabrico de maquinaria com sede em Jining, Prov\u00edncia de Shandong, China, centrada na investiga\u00e7\u00e3o, desenvolvimento, produ\u00e7\u00e3o e venda de maquinaria e equipamento de constru\u00e7\u00e3o de alta qualidade. Os produtos da empresa incluem escavadoras, carregadoras, empilhadoras, p\u00e1s carregadoras e os seus acess\u00f3rios, que s\u00e3o amplamente utilizados na agricultura, constru\u00e7\u00e3o, minera\u00e7\u00e3o e outras ind\u00fastrias. Com capacidades inovadoras de I&amp;D e um rigoroso controlo de qualidade, o equipamento fornecido pela Rippa Machinery goza de uma elevada reputa\u00e7\u00e3o em todo o mundo. Exportamos principalmente para os mercados europeu e americano e fornecemos uma garantia de qualidade de um ano, empenhados em satisfazer as necessidades dos clientes de produtos econ\u00f3micos e de alta qualidade. A Rippa tamb\u00e9m tem v\u00e1rios agentes em todo o mundo, fornecendo servi\u00e7os completos desde a consulta pr\u00e9-venda at\u00e9 ao apoio p\u00f3s-venda, garantindo que os clientes obt\u00eam a melhor experi\u00eancia na sele\u00e7\u00e3o de produtos, entrega e manuten\u00e7\u00e3o.<\/p>","protected":false},"excerpt":{"rendered":"<p>Shandong Rippa Machinery Group Co., Ltd. is a global machinery manufacturing company headquartered in Jining, Shandong Province, China, focusing on the research, development, production and sales of high-quality construction machinery and equipment. The company&#8217;s products include excavators, loaders, forklifts, skid loaders and their accessories, which are widely used in agriculture, construction, mining and other industries. [&hellip;]<\/p>\n","protected":false},"author":1,"featured_media":2813,"parent":0,"menu_order":3,"comment_status":"closed","ping_status":"closed","template":"about.php","meta":{"_acf_changed":false,"_seopress_robots_primary_cat":"","_seopress_titles_title":"","_seopress_titles_desc":"","_seopress_robots_index":"","footnotes":""},"class_list":["post-23","page","type-page","status-publish","has-post-thumbnail","hentry"],"acf":[],"_links":{"self":[{"href":"https:\/\/www.rippa.com\/pt\/wp-json\/wp\/v2\/pages\/23","targetHints":{"allow":["GET"]}}],"collection":[{"href":"https:\/\/www.rippa.com\/pt\/wp-json\/wp\/v2\/pages"}],"about":[{"href":"https:\/\/www.rippa.com\/pt\/wp-json\/wp\/v2\/types\/page"}],"author":[{"embeddable":true,"href":"https:\/\/www.rippa.com\/pt\/wp-json\/wp\/v2\/users\/1"}],"replies":[{"embeddable":true,"href":"https:\/\/www.rippa.com\/pt\/wp-json\/wp\/v2\/comments?post=23"}],"version-history":[{"count":0,"href":"https:\/\/www.rippa.com\/pt\/wp-json\/wp\/v2\/pages\/23\/revisions"}],"wp:featuredmedia":[{"embeddable":true,"href":"https:\/\/www.rippa.com\/pt\/wp-json\/wp\/v2\/media\/2813"}],"wp:attachment":[{"href":"https:\/\/www.rippa.com\/pt\/wp-json\/wp\/v2\/media?parent=23"}],"curies":[{"name":"wp","href":"https:\/\/api.w.org\/{rel}","templated":true}]}}