{"id":9401,"date":"2024-09-17T16:57:52","date_gmt":"2024-09-17T08:57:52","guid":{"rendered":"https:\/\/www.rippa.com\/?post_type=product&#038;p=9401"},"modified":"2026-03-30T09:22:00","modified_gmt":"2026-03-30T01:22:00","slug":"mini-excavator-r13","status":"publish","type":"product","link":"https:\/\/www.rippa.com\/pl\/product\/mini-excavator-r13\/","title":{"rendered":"Minikoparka R13"},"content":{"rendered":"<p><img loading=\"lazy\" decoding=\"async\" class=\"alignnone size-full wp-image-1708\" src=\"https:\/\/www.rippa.com\/wp-content\/uploads\/2024\/09\/CE.jpg\" alt=\"\" width=\"56\" height=\"29\" srcset=\"https:\/\/www.rippa.com\/wp-content\/uploads\/2024\/09\/CE.jpg 56w, https:\/\/www.rippa.com\/wp-content\/uploads\/2024\/09\/CE-18x9.jpg 18w\" sizes=\"auto, (max-width: 56px) 100vw, 56px\" \/> \u00a0<img loading=\"lazy\" decoding=\"async\" class=\"alignnone size-full wp-image-1709\" src=\"https:\/\/www.rippa.com\/wp-content\/uploads\/2024\/09\/EPA-4.jpg\" alt=\"\" width=\"56\" height=\"29\" srcset=\"https:\/\/www.rippa.com\/wp-content\/uploads\/2024\/09\/EPA-4.jpg 56w, https:\/\/www.rippa.com\/wp-content\/uploads\/2024\/09\/EPA-4-18x9.jpg 18w\" sizes=\"auto, (max-width: 56px) 100vw, 56px\" \/> \u00a0<img loading=\"lazy\" decoding=\"async\" class=\"alignnone size-full wp-image-1710\" src=\"https:\/\/www.rippa.com\/wp-content\/uploads\/2024\/09\/\u6b27\u4e94.jpg\" alt=\"\" width=\"56\" height=\"29\" srcset=\"https:\/\/www.rippa.com\/wp-content\/uploads\/2024\/09\/\u6b27\u4e94.jpg 56w, https:\/\/www.rippa.com\/wp-content\/uploads\/2024\/09\/\u6b27\u4e94-18x9.jpg 18w\" sizes=\"auto, (max-width: 56px) 100vw, 56px\" \/><\/p>\n<p>RIPPA R13 PRO mini excavator is a step-up home machine for longer work sessions and higher efficiency. It fits driveway repair, surface reshaping, light grading, and general digging with improved stability over entry models. Ideal for users wanting faster results without moving up too far.<\/p>\n<p><strong>Rekrutacja agent\u00f3w na ca\u0142ym \u015bwiecie:<\/strong><br \/>\nZapasy znajduj\u0105 si\u0119 w najbli\u017cszym magazynie, co zapewnia szybk\u0105 dostaw\u0119 i szeroki wyb\u00f3r akcesori\u00f3w.<br \/>\nObs\u0142uga klienta jest dost\u0119pna 24\/7.<br \/>\nPodaj swoje dane, otrzymaj wycen\u0119 i zosta\u0144 naszym agentem!<\/p>","protected":false},"featured_media":12285,"parent":0,"template":"","meta":{"_acf_changed":false,"_seopress_robots_primary_cat":"none","_seopress_titles_title":"","_seopress_titles_desc":"","_seopress_robots_index":""},"categoryproduct":[29],"class_list":["post-9401","product","type-product","status-publish","has-post-thumbnail","hentry","categoryproduct-mini-excavator"],"acf":[],"_links":{"self":[{"href":"https:\/\/www.rippa.com\/pl\/wp-json\/wp\/v2\/product\/9401","targetHints":{"allow":["GET"]}}],"collection":[{"href":"https:\/\/www.rippa.com\/pl\/wp-json\/wp\/v2\/product"}],"about":[{"href":"https:\/\/www.rippa.com\/pl\/wp-json\/wp\/v2\/types\/product"}],"wp:featuredmedia":[{"embeddable":true,"href":"https:\/\/www.rippa.com\/pl\/wp-json\/wp\/v2\/media\/12285"}],"wp:attachment":[{"href":"https:\/\/www.rippa.com\/pl\/wp-json\/wp\/v2\/media?parent=9401"}],"wp:term":[{"taxonomy":"categoryproduct","embeddable":true,"href":"https:\/\/www.rippa.com\/pl\/wp-json\/wp\/v2\/categoryproduct?post=9401"}],"curies":[{"name":"wp","href":"https:\/\/api.w.org\/{rel}","templated":true}]}}