{"id":270,"date":"2024-09-17T16:58:25","date_gmt":"2024-09-17T08:58:25","guid":{"rendered":"http:\/\/localhost\/?post_type=product&#038;p=270"},"modified":"2026-04-15T13:30:27","modified_gmt":"2026-04-15T05:30:27","slug":"r10-mini-excavator","status":"publish","type":"product","link":"https:\/\/www.rippa.com\/pl\/product\/r10-mini-excavator\/","title":{"rendered":"Mini Excavator R10"},"content":{"rendered":"<p><img loading=\"lazy\" decoding=\"async\" class=\"alignnone size-full wp-image-1708\" src=\"https:\/\/www.rippa.com\/wp-content\/uploads\/2024\/09\/CE.jpg\" alt=\"\" width=\"56\" height=\"29\" srcset=\"https:\/\/www.rippa.com\/wp-content\/uploads\/2024\/09\/CE.jpg 56w, https:\/\/www.rippa.com\/wp-content\/uploads\/2024\/09\/CE-18x9.jpg 18w\" sizes=\"auto, (max-width: 56px) 100vw, 56px\" \/> \u00a0<img loading=\"lazy\" decoding=\"async\" class=\"alignnone size-full wp-image-1709\" src=\"https:\/\/www.rippa.com\/wp-content\/uploads\/2024\/09\/EPA-4.jpg\" alt=\"\" width=\"56\" height=\"29\" srcset=\"https:\/\/www.rippa.com\/wp-content\/uploads\/2024\/09\/EPA-4.jpg 56w, https:\/\/www.rippa.com\/wp-content\/uploads\/2024\/09\/EPA-4-18x9.jpg 18w\" sizes=\"auto, (max-width: 56px) 100vw, 56px\" \/> \u00a0<img loading=\"lazy\" decoding=\"async\" class=\"alignnone size-full wp-image-1710\" src=\"https:\/\/www.rippa.com\/wp-content\/uploads\/2024\/09\/\u6b27\u4e94.jpg\" alt=\"\" width=\"56\" height=\"29\" srcset=\"https:\/\/www.rippa.com\/wp-content\/uploads\/2024\/09\/\u6b27\u4e94.jpg 56w, https:\/\/www.rippa.com\/wp-content\/uploads\/2024\/09\/\u6b27\u4e94-18x9.jpg 18w\" sizes=\"auto, (max-width: 56px) 100vw, 56px\" \/><\/p>\n<p>RIPPA R10 ECO mini excavator is a homeowner-friendly starter built for practical backyard projects. It\u2019s well suited to fence installation work and light digging with straightforward operation and easy upkeep. Ideal for seasonal property tasks and routine improvements.<\/p>\n<p><span style=\"font-size: 14pt;\"><strong>Rekrutacja agent\u00f3w na ca\u0142ym \u015bwiecie:<\/strong><\/span><br \/>\nZapasy s\u0105 dost\u0119pne w najbli\u017cszym centrum dystrybucji, z szybk\u0105 dostaw\u0105 i kompletnymi akcesoriami.<br \/>\nPersonel obs\u0142ugi klienta jest dost\u0119pny online 24 godziny na dob\u0119, aby zapewni\u0107 obs\u0142ug\u0119.<br \/>\nPodaj swoje dane, uzyskaj wycen\u0119 i zosta\u0144 naszym agentem!<\/p>","protected":false},"featured_media":12218,"parent":0,"template":"","meta":{"_acf_changed":false,"_seopress_robots_primary_cat":"none","_seopress_titles_title":"","_seopress_titles_desc":"","_seopress_robots_index":""},"categoryproduct":[29],"class_list":["post-270","product","type-product","status-publish","has-post-thumbnail","hentry","categoryproduct-mini-excavator"],"acf":[],"_links":{"self":[{"href":"https:\/\/www.rippa.com\/pl\/wp-json\/wp\/v2\/product\/270","targetHints":{"allow":["GET"]}}],"collection":[{"href":"https:\/\/www.rippa.com\/pl\/wp-json\/wp\/v2\/product"}],"about":[{"href":"https:\/\/www.rippa.com\/pl\/wp-json\/wp\/v2\/types\/product"}],"wp:featuredmedia":[{"embeddable":true,"href":"https:\/\/www.rippa.com\/pl\/wp-json\/wp\/v2\/media\/12218"}],"wp:attachment":[{"href":"https:\/\/www.rippa.com\/pl\/wp-json\/wp\/v2\/media?parent=270"}],"wp:term":[{"taxonomy":"categoryproduct","embeddable":true,"href":"https:\/\/www.rippa.com\/pl\/wp-json\/wp\/v2\/categoryproduct?post=270"}],"curies":[{"name":"wp","href":"https:\/\/api.w.org\/{rel}","templated":true}]}}