{"id":1494,"date":"2024-09-16T15:07:21","date_gmt":"2024-09-16T07:07:21","guid":{"rendered":"https:\/\/www.rippa.com\/?post_type=product&#038;p=1494"},"modified":"2026-03-14T16:44:20","modified_gmt":"2026-03-14T08:44:20","slug":"backhoe-loader-rb29","status":"publish","type":"product","link":"https:\/\/www.rippa.com\/pl\/product\/koparko-ladowarka-rb29\/","title":{"rendered":"Koparko-\u0142adowarka RB29"},"content":{"rendered":"<p><img loading=\"lazy\" decoding=\"async\" class=\"alignnone size-full wp-image-1708\" src=\"https:\/\/www.rippa.com\/wp-content\/uploads\/2024\/09\/CE.jpg\" alt=\"\" width=\"56\" height=\"29\" srcset=\"https:\/\/www.rippa.com\/wp-content\/uploads\/2024\/09\/CE.jpg 56w, https:\/\/www.rippa.com\/wp-content\/uploads\/2024\/09\/CE-18x9.jpg 18w\" sizes=\"auto, (max-width: 56px) 100vw, 56px\" \/> \u00a0<img loading=\"lazy\" decoding=\"async\" class=\"alignnone size-full wp-image-1709\" src=\"https:\/\/www.rippa.com\/wp-content\/uploads\/2024\/09\/EPA-4.jpg\" alt=\"\" width=\"56\" height=\"29\" srcset=\"https:\/\/www.rippa.com\/wp-content\/uploads\/2024\/09\/EPA-4.jpg 56w, https:\/\/www.rippa.com\/wp-content\/uploads\/2024\/09\/EPA-4-18x9.jpg 18w\" sizes=\"auto, (max-width: 56px) 100vw, 56px\" \/>\u00a0\u00a0<img loading=\"lazy\" decoding=\"async\" class=\"alignnone size-full wp-image-1710\" src=\"https:\/\/www.rippa.com\/wp-content\/uploads\/2024\/09\/\u6b27\u4e94.jpg\" alt=\"\" width=\"56\" height=\"29\" srcset=\"https:\/\/www.rippa.com\/wp-content\/uploads\/2024\/09\/\u6b27\u4e94.jpg 56w, https:\/\/www.rippa.com\/wp-content\/uploads\/2024\/09\/\u6b27\u4e94-18x9.jpg 18w\" sizes=\"auto, (max-width: 56px) 100vw, 56px\" \/><\/p>\n<p>Koparko-\u0142adowarka RB29 jest idealnym wyborem dla handlu eksportowego dzi\u0119ki swojej pot\u0119\u017cnej wydajno\u015bci, wydajnemu uk\u0142adowi hydraulicznemu, wysokiej jako\u015bci konfiguracji sprz\u0119tu, przyjaznej dla u\u017cytkownika konstrukcji, szerokiemu zastosowaniu i niezawodnemu bezpiecze\u0144stwu.<\/p>\n<p><strong>Szczerze rekrutujemy agent\u00f3w globalnych:<\/strong><br \/>\nODM, OEM, mo\u017cliwo\u015b\u0107 dostosowania<br \/>\nPrzy zam\u00f3wieniach hurtowych dost\u0119pne s\u0105 rabaty,<br \/>\nProducenci maj\u0105 zapasy i szybko dostarczaj\u0105 towar,<br \/>\nObs\u0142uga klienta jest dost\u0119pna online 24 godziny na dob\u0119,<br \/>\nPodaj informacje, uzyskaj wycen\u0119 i zosta\u0144 naszym agentem!<\/p>","protected":false},"featured_media":12164,"parent":0,"template":"","meta":{"_acf_changed":false,"_seopress_robots_primary_cat":"none","_seopress_titles_title":"","_seopress_titles_desc":"","_seopress_robots_index":""},"categoryproduct":[36],"class_list":["post-1494","product","type-product","status-publish","has-post-thumbnail","hentry","categoryproduct-loader"],"acf":[],"_links":{"self":[{"href":"https:\/\/www.rippa.com\/pl\/wp-json\/wp\/v2\/product\/1494","targetHints":{"allow":["GET"]}}],"collection":[{"href":"https:\/\/www.rippa.com\/pl\/wp-json\/wp\/v2\/product"}],"about":[{"href":"https:\/\/www.rippa.com\/pl\/wp-json\/wp\/v2\/types\/product"}],"wp:featuredmedia":[{"embeddable":true,"href":"https:\/\/www.rippa.com\/pl\/wp-json\/wp\/v2\/media\/12164"}],"wp:attachment":[{"href":"https:\/\/www.rippa.com\/pl\/wp-json\/wp\/v2\/media?parent=1494"}],"wp:term":[{"taxonomy":"categoryproduct","embeddable":true,"href":"https:\/\/www.rippa.com\/pl\/wp-json\/wp\/v2\/categoryproduct?post=1494"}],"curies":[{"name":"wp","href":"https:\/\/api.w.org\/{rel}","templated":true}]}}