{"id":13349,"date":"2026-04-22T14:52:36","date_gmt":"2026-04-22T06:52:36","guid":{"rendered":"https:\/\/www.rippa.com\/?post_type=product&#038;p=13349"},"modified":"2026-04-22T16:01:13","modified_gmt":"2026-04-22T08:01:13","slug":"lithium-ion-forklift-rf35l","status":"publish","type":"product","link":"https:\/\/www.rippa.com\/pl\/product\/lithium-ion-forklift-rf35l\/","title":{"rendered":"Lithium-ion Forklift RF35L"},"content":{"rendered":"<p>Features wide, textured armrests, deep non-slip stepsfor easy entry and exit, thumb-actuated directionalcontrols, seat-side power disconnect, spacious, easilyaccessible storage area on the hood, and a tilt steeringcolumn with optional tilt memory and telescopingfeatures to reduce operator fatigue.<\/p>\n<p><strong><span style=\"font-size: 14pt;\">Rekrutacja agent\u00f3w na ca\u0142ym \u015bwiecie:<\/span><\/strong><br \/>\nODM, OEM, mo\u017cliwo\u015b\u0107 dostosowania<br \/>\nZni\u017cki dost\u0119pne dla zam\u00f3wie\u0144 hurtowych.<br \/>\nProducenci dysponuj\u0105 zapasami i zapewniaj\u0105 szybk\u0105 dostaw\u0119.<br \/>\nPersonel obs\u0142ugi klienta jest dost\u0119pny online 24 godziny na dob\u0119, aby \u015bwiadczy\u0107 us\u0142ugi.<br \/>\nPodaj informacje, uzyskaj wycen\u0119 i zosta\u0144 naszym agentem!<\/p>","protected":false},"featured_media":13316,"parent":0,"template":"","meta":{"_acf_changed":false,"_seopress_robots_primary_cat":"none","_seopress_titles_title":"","_seopress_titles_desc":"","_seopress_robots_index":""},"categoryproduct":[41],"class_list":["post-13349","product","type-product","status-publish","has-post-thumbnail","hentry","categoryproduct-rippa-forklift"],"acf":[],"_links":{"self":[{"href":"https:\/\/www.rippa.com\/pl\/wp-json\/wp\/v2\/product\/13349","targetHints":{"allow":["GET"]}}],"collection":[{"href":"https:\/\/www.rippa.com\/pl\/wp-json\/wp\/v2\/product"}],"about":[{"href":"https:\/\/www.rippa.com\/pl\/wp-json\/wp\/v2\/types\/product"}],"wp:featuredmedia":[{"embeddable":true,"href":"https:\/\/www.rippa.com\/pl\/wp-json\/wp\/v2\/media\/13316"}],"wp:attachment":[{"href":"https:\/\/www.rippa.com\/pl\/wp-json\/wp\/v2\/media?parent=13349"}],"wp:term":[{"taxonomy":"categoryproduct","embeddable":true,"href":"https:\/\/www.rippa.com\/pl\/wp-json\/wp\/v2\/categoryproduct?post=13349"}],"curies":[{"name":"wp","href":"https:\/\/api.w.org\/{rel}","templated":true}]}}