{"id":220,"date":"2024-09-17T16:54:23","date_gmt":"2024-09-17T08:54:23","guid":{"rendered":"http:\/\/localhost\/?post_type=product&#038;p=220"},"modified":"2026-04-20T13:41:41","modified_gmt":"2026-04-20T05:41:41","slug":"mini-excavator-r22","status":"publish","type":"product","link":"https:\/\/www.rippa.com\/nb\/product\/mini-excavator-r22\/","title":{"rendered":"Minigraver R22"},"content":{"rendered":"<p><img loading=\"lazy\" decoding=\"async\" class=\"alignnone size-full wp-image-1708\" src=\"https:\/\/www.rippa.com\/wp-content\/uploads\/2024\/09\/CE.jpg\" alt=\"\" width=\"56\" height=\"29\" srcset=\"https:\/\/www.rippa.com\/wp-content\/uploads\/2024\/09\/CE.jpg 56w, https:\/\/www.rippa.com\/wp-content\/uploads\/2024\/09\/CE-18x9.jpg 18w\" sizes=\"auto, (max-width: 56px) 100vw, 56px\" \/> \u00a0<img loading=\"lazy\" decoding=\"async\" class=\"alignnone size-full wp-image-1709\" src=\"https:\/\/www.rippa.com\/wp-content\/uploads\/2024\/09\/EPA-4.jpg\" alt=\"\" width=\"56\" height=\"29\" srcset=\"https:\/\/www.rippa.com\/wp-content\/uploads\/2024\/09\/EPA-4.jpg 56w, https:\/\/www.rippa.com\/wp-content\/uploads\/2024\/09\/EPA-4-18x9.jpg 18w\" sizes=\"auto, (max-width: 56px) 100vw, 56px\" \/> \u00a0<img loading=\"lazy\" decoding=\"async\" class=\"alignnone size-full wp-image-1710\" src=\"https:\/\/www.rippa.com\/wp-content\/uploads\/2024\/09\/\u6b27\u4e94.jpg\" alt=\"\" width=\"56\" height=\"29\" srcset=\"https:\/\/www.rippa.com\/wp-content\/uploads\/2024\/09\/\u6b27\u4e94.jpg 56w, https:\/\/www.rippa.com\/wp-content\/uploads\/2024\/09\/\u6b27\u4e94-18x9.jpg 18w\" sizes=\"auto, (max-width: 56px) 100vw, 56px\" \/><\/p>\n<p>RIPPA R22 PRO mini excavator is stability-focused for heavier, steadier work on larger properties. It suits farm construction workflows like site prep and ongoing maintenance where uptime and consistent performance matter. Ideal for users transitioning from homeowner use to semi-pro workloads.<\/p>\n<p><span style=\"font-size: 14pt;\"><strong>Rekruttering av agenter over hele verden:<\/strong><\/span><br \/>\nLagerbeholdningen er tilgjengelig p\u00e5 distribusjonssenteret n\u00e6rmest deg, med rask levering og komplett tilbeh\u00f8r.<br \/>\nKundeservicepersonalet er online 24 timer i d\u00f8gnet for \u00e5 gi deg service.<br \/>\nFyll inn informasjonen din, f\u00e5 et tilbud og bli v\u00e5r agent!<\/p>","protected":false},"featured_media":12290,"parent":0,"template":"","meta":{"_acf_changed":false,"_seopress_robots_primary_cat":"none","_seopress_titles_title":"","_seopress_titles_desc":"","_seopress_robots_index":""},"categoryproduct":[29],"class_list":["post-220","product","type-product","status-publish","has-post-thumbnail","hentry","categoryproduct-mini-excavator"],"acf":[],"_links":{"self":[{"href":"https:\/\/www.rippa.com\/nb\/wp-json\/wp\/v2\/product\/220","targetHints":{"allow":["GET"]}}],"collection":[{"href":"https:\/\/www.rippa.com\/nb\/wp-json\/wp\/v2\/product"}],"about":[{"href":"https:\/\/www.rippa.com\/nb\/wp-json\/wp\/v2\/types\/product"}],"wp:featuredmedia":[{"embeddable":true,"href":"https:\/\/www.rippa.com\/nb\/wp-json\/wp\/v2\/media\/12290"}],"wp:attachment":[{"href":"https:\/\/www.rippa.com\/nb\/wp-json\/wp\/v2\/media?parent=220"}],"wp:term":[{"taxonomy":"categoryproduct","embeddable":true,"href":"https:\/\/www.rippa.com\/nb\/wp-json\/wp\/v2\/categoryproduct?post=220"}],"curies":[{"name":"wp","href":"https:\/\/api.w.org\/{rel}","templated":true}]}}