{"id":1499,"date":"2024-09-15T16:24:15","date_gmt":"2024-09-15T08:24:15","guid":{"rendered":"https:\/\/www.rippa.com\/?post_type=product&#038;p=1499"},"modified":"2026-03-18T11:00:20","modified_gmt":"2026-03-18T03:00:20","slug":"backhoe-loader-rb30","status":"publish","type":"product","link":"https:\/\/www.rippa.com\/nb\/product\/traktorgraver-laster-r930e\/","title":{"rendered":"Raftelaster RB30"},"content":{"rendered":"<p><img loading=\"lazy\" decoding=\"async\" class=\"alignnone size-full wp-image-1709\" src=\"https:\/\/www.rippa.com\/wp-content\/uploads\/2024\/09\/EPA-4.jpg\" alt=\"\" width=\"56\" height=\"29\" srcset=\"https:\/\/www.rippa.com\/wp-content\/uploads\/2024\/09\/EPA-4.jpg 56w, https:\/\/www.rippa.com\/wp-content\/uploads\/2024\/09\/EPA-4-18x9.jpg 18w\" sizes=\"auto, (max-width: 56px) 100vw, 56px\" \/> \u00a0<img loading=\"lazy\" decoding=\"async\" class=\"alignnone size-full wp-image-1710\" src=\"https:\/\/www.rippa.com\/wp-content\/uploads\/2024\/09\/\u6b27\u4e94.jpg\" alt=\"\" width=\"56\" height=\"29\" srcset=\"https:\/\/www.rippa.com\/wp-content\/uploads\/2024\/09\/\u6b27\u4e94.jpg 56w, https:\/\/www.rippa.com\/wp-content\/uploads\/2024\/09\/\u6b27\u4e94-18x9.jpg 18w\" sizes=\"auto, (max-width: 56px) 100vw, 56px\" \/><\/p>\n<p>RB30 traktorgraver har blitt det foretrukne produktet for eksporthandel med sin kraftige driftsytelse, utmerkede h\u00e5ndteringsstabilitet, komfortable kj\u00f8reopplevelse, holdbare og p\u00e5litelige design og et bredt spekter av bruksomr\u00e5der, som kan m\u00f8te de ulike behovene til forskjellige kunder i det internasjonale markedet.<\/p>\n<p><strong>Med vennlig hilsen rekrutterer vi globale agenter:<\/strong><br \/>\nODM, OEM, kan tilpasses<br \/>\nRabatter er tilgjengelige for grossistbestillinger,<br \/>\nProdusentene har lagerbeholdning og leverer raskt,<br \/>\nKundeservice er tilgjengelig 24 timer i d\u00f8gnet p\u00e5 nettet,<br \/>\nFyll ut informasjon, f\u00e5 et tilbud og bli v\u00e5r agent!<\/p>","protected":false},"featured_media":12306,"parent":0,"template":"","meta":{"_acf_changed":false,"_seopress_robots_primary_cat":"none","_seopress_titles_title":"","_seopress_titles_desc":"","_seopress_robots_index":""},"categoryproduct":[36],"class_list":["post-1499","product","type-product","status-publish","has-post-thumbnail","hentry","categoryproduct-loader"],"acf":[],"_links":{"self":[{"href":"https:\/\/www.rippa.com\/nb\/wp-json\/wp\/v2\/product\/1499","targetHints":{"allow":["GET"]}}],"collection":[{"href":"https:\/\/www.rippa.com\/nb\/wp-json\/wp\/v2\/product"}],"about":[{"href":"https:\/\/www.rippa.com\/nb\/wp-json\/wp\/v2\/types\/product"}],"wp:featuredmedia":[{"embeddable":true,"href":"https:\/\/www.rippa.com\/nb\/wp-json\/wp\/v2\/media\/12306"}],"wp:attachment":[{"href":"https:\/\/www.rippa.com\/nb\/wp-json\/wp\/v2\/media?parent=1499"}],"wp:term":[{"taxonomy":"categoryproduct","embeddable":true,"href":"https:\/\/www.rippa.com\/nb\/wp-json\/wp\/v2\/categoryproduct?post=1499"}],"curies":[{"name":"wp","href":"https:\/\/api.w.org\/{rel}","templated":true}]}}