{"id":1480,"date":"2024-12-14T15:52:42","date_gmt":"2024-12-14T07:52:42","guid":{"rendered":"https:\/\/www.rippa.com\/?post_type=product&#038;p=1480"},"modified":"2026-05-09T14:54:55","modified_gmt":"2026-05-09T06:54:55","slug":"rs06-skid-steer","status":"publish","type":"product","link":"https:\/\/www.rippa.com\/nb\/product\/rs06-skid-steer\/","title":{"rendered":"RS06 Skid Steer"},"content":{"rendered":"<p><img loading=\"lazy\" decoding=\"async\" class=\"alignnone size-full wp-image-1709\" src=\"https:\/\/www.rippa.com\/wp-content\/uploads\/2024\/09\/EPA-4.jpg\" alt=\"\" width=\"56\" height=\"29\" srcset=\"https:\/\/www.rippa.com\/wp-content\/uploads\/2024\/09\/EPA-4.jpg 56w, https:\/\/www.rippa.com\/wp-content\/uploads\/2024\/09\/EPA-4-18x9.jpg 18w\" sizes=\"auto, (max-width: 56px) 100vw, 56px\" \/> \u00a0<img loading=\"lazy\" decoding=\"async\" class=\"alignnone size-full wp-image-1710\" src=\"https:\/\/www.rippa.com\/wp-content\/uploads\/2024\/09\/\u6b27\u4e94.jpg\" alt=\"\" width=\"56\" height=\"29\" srcset=\"https:\/\/www.rippa.com\/wp-content\/uploads\/2024\/09\/\u6b27\u4e94.jpg 56w, https:\/\/www.rippa.com\/wp-content\/uploads\/2024\/09\/\u6b27\u4e94-18x9.jpg 18w\" sizes=\"auto, (max-width: 56px) 100vw, 56px\" \/><\/p>\n<p>RS06 skid loader vedtar intelligent hastighetskontrollsystem, og pilotbetjeningsh\u00e5ndtaket forbedrer n\u00f8yaktigheten og effektiviteten; st\u00f8tter multifunksjonell plug-in rask utskifting, tilpasser seg ulike arbeidsforhold; kompakt og fleksibel struktur, holdbar og p\u00e5litelig, egnet for liten plassdrift og vedlikehold i det internasjonale markedet.<\/p>\n<p><strong>Rekruttering av globale agenter:<\/strong><br \/>\nBestillinger kan nyte rabatterte priser.<br \/>\nProdusenten har lager og rask levering.<br \/>\nKundeservicepersonalet tilbyr tjenester p\u00e5 nettet 24 timer i d\u00f8gnet.<br \/>\nFyll ut informasjonen, f\u00e5 et tilbud og bli v\u00e5r agent!<\/p>","protected":false},"featured_media":12300,"parent":0,"template":"","meta":{"_acf_changed":false,"_seopress_robots_primary_cat":"none","_seopress_titles_title":"","_seopress_titles_desc":"","_seopress_robots_index":""},"categoryproduct":[44],"class_list":["post-1480","product","type-product","status-publish","has-post-thumbnail","hentry","categoryproduct-skid-steer"],"acf":[],"_links":{"self":[{"href":"https:\/\/www.rippa.com\/nb\/wp-json\/wp\/v2\/product\/1480","targetHints":{"allow":["GET"]}}],"collection":[{"href":"https:\/\/www.rippa.com\/nb\/wp-json\/wp\/v2\/product"}],"about":[{"href":"https:\/\/www.rippa.com\/nb\/wp-json\/wp\/v2\/types\/product"}],"wp:featuredmedia":[{"embeddable":true,"href":"https:\/\/www.rippa.com\/nb\/wp-json\/wp\/v2\/media\/12300"}],"wp:attachment":[{"href":"https:\/\/www.rippa.com\/nb\/wp-json\/wp\/v2\/media?parent=1480"}],"wp:term":[{"taxonomy":"categoryproduct","embeddable":true,"href":"https:\/\/www.rippa.com\/nb\/wp-json\/wp\/v2\/categoryproduct?post=1480"}],"curies":[{"name":"wp","href":"https:\/\/api.w.org\/{rel}","templated":true}]}}