{"id":220,"date":"2024-09-17T16:54:23","date_gmt":"2024-09-17T08:54:23","guid":{"rendered":"http:\/\/localhost\/?post_type=product&#038;p=220"},"modified":"2026-04-20T13:41:41","modified_gmt":"2026-04-20T05:41:41","slug":"mini-excavator-r22","status":"publish","type":"product","link":"https:\/\/www.rippa.com\/hu\/product\/mini-exkavator-r22\/","title":{"rendered":"Mini kotr\u00f3g\u00e9p R22"},"content":{"rendered":"<p><img loading=\"lazy\" decoding=\"async\" class=\"alignnone size-full wp-image-1708\" src=\"https:\/\/www.rippa.com\/wp-content\/uploads\/2024\/09\/CE.jpg\" alt=\"\" width=\"56\" height=\"29\" srcset=\"https:\/\/www.rippa.com\/wp-content\/uploads\/2024\/09\/CE.jpg 56w, https:\/\/www.rippa.com\/wp-content\/uploads\/2024\/09\/CE-18x9.jpg 18w\" sizes=\"auto, (max-width: 56px) 100vw, 56px\" \/> \u00a0<img loading=\"lazy\" decoding=\"async\" class=\"alignnone size-full wp-image-1709\" src=\"https:\/\/www.rippa.com\/wp-content\/uploads\/2024\/09\/EPA-4.jpg\" alt=\"\" width=\"56\" height=\"29\" srcset=\"https:\/\/www.rippa.com\/wp-content\/uploads\/2024\/09\/EPA-4.jpg 56w, https:\/\/www.rippa.com\/wp-content\/uploads\/2024\/09\/EPA-4-18x9.jpg 18w\" sizes=\"auto, (max-width: 56px) 100vw, 56px\" \/> \u00a0<img loading=\"lazy\" decoding=\"async\" class=\"alignnone size-full wp-image-1710\" src=\"https:\/\/www.rippa.com\/wp-content\/uploads\/2024\/09\/\u6b27\u4e94.jpg\" alt=\"\" width=\"56\" height=\"29\" srcset=\"https:\/\/www.rippa.com\/wp-content\/uploads\/2024\/09\/\u6b27\u4e94.jpg 56w, https:\/\/www.rippa.com\/wp-content\/uploads\/2024\/09\/\u6b27\u4e94-18x9.jpg 18w\" sizes=\"auto, (max-width: 56px) 100vw, 56px\" \/><\/p>\n<p>RIPPA R22 PRO mini excavator is stability-focused for heavier, steadier work on larger properties. It suits farm construction workflows like site prep and ongoing maintenance where uptime and consistent performance matter. Ideal for users transitioning from homeowner use to semi-pro workloads.<\/p>\n<p><span style=\"font-size: 14pt;\"><strong>\u00dcgyn\u00f6k\u00f6k toborz\u00e1sa vil\u00e1gszerte:<\/strong><\/span><br \/>\nA rakt\u00e1rk\u00e9szlet az \u00d6nh\u00f6z legk\u00f6zelebbi eloszt\u00f3k\u00f6zpontban \u00e1ll rendelkez\u00e9sre, gyors sz\u00e1ll\u00edt\u00e1ssal \u00e9s teljes k\u00f6r\u0171 tartoz\u00e9kokkal.<br \/>\nAz \u00fcgyf\u00e9lszolg\u00e1lat munkat\u00e1rsai a nap 24 \u00f3r\u00e1j\u00e1ban online \u00e1llnak az \u00d6n rendelkez\u00e9s\u00e9re.<br \/>\nT\u00f6ltse ki adatait, k\u00e9rjen \u00e1raj\u00e1nlatot, \u00e9s legyen az \u00fcgyn\u00f6k\u00fcnk!<\/p>","protected":false},"featured_media":12290,"parent":0,"template":"","meta":{"_acf_changed":false,"_seopress_robots_primary_cat":"none","_seopress_titles_title":"","_seopress_titles_desc":"","_seopress_robots_index":""},"categoryproduct":[29],"class_list":["post-220","product","type-product","status-publish","has-post-thumbnail","hentry","categoryproduct-mini-excavator"],"acf":[],"_links":{"self":[{"href":"https:\/\/www.rippa.com\/hu\/wp-json\/wp\/v2\/product\/220","targetHints":{"allow":["GET"]}}],"collection":[{"href":"https:\/\/www.rippa.com\/hu\/wp-json\/wp\/v2\/product"}],"about":[{"href":"https:\/\/www.rippa.com\/hu\/wp-json\/wp\/v2\/types\/product"}],"wp:featuredmedia":[{"embeddable":true,"href":"https:\/\/www.rippa.com\/hu\/wp-json\/wp\/v2\/media\/12290"}],"wp:attachment":[{"href":"https:\/\/www.rippa.com\/hu\/wp-json\/wp\/v2\/media?parent=220"}],"wp:term":[{"taxonomy":"categoryproduct","embeddable":true,"href":"https:\/\/www.rippa.com\/hu\/wp-json\/wp\/v2\/categoryproduct?post=220"}],"curies":[{"name":"wp","href":"https:\/\/api.w.org\/{rel}","templated":true}]}}