{"id":1607,"date":"2024-09-17T16:42:42","date_gmt":"2024-09-17T08:42:42","guid":{"rendered":"https:\/\/www.rippa.com\/?post_type=product&#038;p=1607"},"modified":"2026-02-25T17:24:54","modified_gmt":"2026-02-25T09:24:54","slug":"r230-large-excavator","status":"publish","type":"product","link":"https:\/\/www.rippa.com\/hu\/product\/r230-large-excavator\/","title":{"rendered":"R230 Large Excavator"},"content":{"rendered":"<p>The advantages of the R230 large excavator in terms of power performance, production efficiency, quality durability, operating comfort, maintenance convenience, and after-sales service support will help attract the attention of potential customers for export trade.<\/p>\n<p><strong>Glob\u00e1lis \u00fcgyn\u00f6k\u00f6k toborz\u00e1sa:<\/strong><br \/>\nODM, OEM, nagykereskedelem<br \/>\nA megrendel\u00e9sek \u00e9lvezhetik a kedvezm\u00e9nyes \u00e1rakat.<br \/>\nA gy\u00e1rt\u00f3 rakt\u00e1rk\u00e9szlettel \u00e9s gyors sz\u00e1ll\u00edt\u00e1ssal rendelkezik.<br \/>\nAz \u00fcgyf\u00e9lszolg\u00e1lat munkat\u00e1rsai a nap 24 \u00f3r\u00e1j\u00e1ban online szolg\u00e1ltat\u00e1sokat ny\u00fajtanak.<br \/>\nT\u00f6ltse ki az adatokat, k\u00e9rjen \u00e1raj\u00e1nlatot, \u00e9s legyen az \u00fcgyn\u00f6k\u00fcnk!<\/p>","protected":false},"featured_media":5306,"parent":0,"template":"","meta":{"_acf_changed":false,"_seopress_robots_primary_cat":"none","_seopress_titles_title":"","_seopress_titles_desc":"","_seopress_robots_index":""},"categoryproduct":[30],"class_list":["post-1607","product","type-product","status-publish","has-post-thumbnail","hentry","categoryproduct-large-excavator"],"acf":[],"_links":{"self":[{"href":"https:\/\/www.rippa.com\/hu\/wp-json\/wp\/v2\/product\/1607","targetHints":{"allow":["GET"]}}],"collection":[{"href":"https:\/\/www.rippa.com\/hu\/wp-json\/wp\/v2\/product"}],"about":[{"href":"https:\/\/www.rippa.com\/hu\/wp-json\/wp\/v2\/types\/product"}],"wp:featuredmedia":[{"embeddable":true,"href":"https:\/\/www.rippa.com\/hu\/wp-json\/wp\/v2\/media\/5306"}],"wp:attachment":[{"href":"https:\/\/www.rippa.com\/hu\/wp-json\/wp\/v2\/media?parent=1607"}],"wp:term":[{"taxonomy":"categoryproduct","embeddable":true,"href":"https:\/\/www.rippa.com\/hu\/wp-json\/wp\/v2\/categoryproduct?post=1607"}],"curies":[{"name":"wp","href":"https:\/\/api.w.org\/{rel}","templated":true}]}}