{"id":1556,"date":"2024-09-17T15:40:29","date_gmt":"2024-09-17T07:40:29","guid":{"rendered":"https:\/\/www.rippa.com\/?post_type=product&#038;p=1556"},"modified":"2026-04-21T16:38:53","modified_gmt":"2026-04-21T08:38:53","slug":"rl06-wheel-loader","status":"publish","type":"product","link":"https:\/\/www.rippa.com\/hu\/product\/rl06-kerekrakodo\/","title":{"rendered":"RL06 Ker\u00e9krakod\u00f3"},"content":{"rendered":"<p><img loading=\"lazy\" decoding=\"async\" class=\"alignnone size-full wp-image-1708\" src=\"https:\/\/www.rippa.com\/wp-content\/uploads\/2024\/09\/CE.jpg\" alt=\"\" width=\"56\" height=\"29\" srcset=\"https:\/\/www.rippa.com\/wp-content\/uploads\/2024\/09\/CE.jpg 56w, https:\/\/www.rippa.com\/wp-content\/uploads\/2024\/09\/CE-18x9.jpg 18w\" sizes=\"auto, (max-width: 56px) 100vw, 56px\" \/> \u00a0<img loading=\"lazy\" decoding=\"async\" class=\"alignnone size-full wp-image-1710\" src=\"https:\/\/www.rippa.com\/wp-content\/uploads\/2024\/09\/\u6b27\u4e94.jpg\" alt=\"\" width=\"56\" height=\"29\" srcset=\"https:\/\/www.rippa.com\/wp-content\/uploads\/2024\/09\/\u6b27\u4e94.jpg 56w, https:\/\/www.rippa.com\/wp-content\/uploads\/2024\/09\/\u6b27\u4e94-18x9.jpg 18w\" sizes=\"auto, (max-width: 56px) 100vw, 56px\" \/><\/p>\n<p>A RIPPA RL06 rakod\u00f3g\u00e9p el\u0151nyei a hat\u00e9konys\u00e1g, a k\u00f6lts\u00e9gek, a sokoldal\u00fas\u00e1g, a k\u00f6nny\u0171 haszn\u00e1lat, a tart\u00f3ss\u00e1g \u00e9s a k\u00f6rnyezetv\u00e9delem tekintet\u00e9ben seg\u00edtenek a potenci\u00e1lis vev\u0151k megnyer\u00e9s\u00e9ben az exportkereskedelemben.<\/p>\n<p><strong>Glob\u00e1lis \u00fcgyn\u00f6k\u00f6k toborz\u00e1sa:<\/strong><br \/>\nODM, OEM, nagykereskedelem<br \/>\nA megrendel\u00e9sek \u00e9lvezhetik a kedvezm\u00e9nyes \u00e1rakat.<br \/>\nA gy\u00e1r rendelkezik lelt\u00e1rral \u00e9s gyors sz\u00e1ll\u00edt\u00e1ssal.<br \/>\nAz \u00fcgyf\u00e9lszolg\u00e1lat munkat\u00e1rsai a nap 24 \u00f3r\u00e1j\u00e1ban online \u00e1llnak rendelkez\u00e9sre a szolg\u00e1ltat\u00e1sok ny\u00fajt\u00e1s\u00e1hoz.<br \/>\nT\u00f6ltse ki az adatokat, k\u00e9rjen \u00e1raj\u00e1nlatot, \u00e9s legyen az \u00fcgyn\u00f6k\u00fcnk!<\/p>","protected":false},"featured_media":11452,"parent":0,"template":"","meta":{"_acf_changed":false,"_seopress_robots_primary_cat":"none","_seopress_titles_title":"","_seopress_titles_desc":"","_seopress_robots_index":""},"categoryproduct":[43],"class_list":["post-1556","product","type-product","status-publish","has-post-thumbnail","hentry","categoryproduct-wheel-loader"],"acf":[],"_links":{"self":[{"href":"https:\/\/www.rippa.com\/hu\/wp-json\/wp\/v2\/product\/1556","targetHints":{"allow":["GET"]}}],"collection":[{"href":"https:\/\/www.rippa.com\/hu\/wp-json\/wp\/v2\/product"}],"about":[{"href":"https:\/\/www.rippa.com\/hu\/wp-json\/wp\/v2\/types\/product"}],"wp:featuredmedia":[{"embeddable":true,"href":"https:\/\/www.rippa.com\/hu\/wp-json\/wp\/v2\/media\/11452"}],"wp:attachment":[{"href":"https:\/\/www.rippa.com\/hu\/wp-json\/wp\/v2\/media?parent=1556"}],"wp:term":[{"taxonomy":"categoryproduct","embeddable":true,"href":"https:\/\/www.rippa.com\/hu\/wp-json\/wp\/v2\/categoryproduct?post=1556"}],"curies":[{"name":"wp","href":"https:\/\/api.w.org\/{rel}","templated":true}]}}