{"id":1499,"date":"2024-09-15T16:24:15","date_gmt":"2024-09-15T08:24:15","guid":{"rendered":"https:\/\/www.rippa.com\/?post_type=product&#038;p=1499"},"modified":"2026-03-18T11:00:20","modified_gmt":"2026-03-18T03:00:20","slug":"backhoe-loader-rb30","status":"publish","type":"product","link":"https:\/\/www.rippa.com\/hu\/product\/kotro-rakodo-rb30\/","title":{"rendered":"RB30 kotr\u00f3-rakod\u00f3"},"content":{"rendered":"<p><img loading=\"lazy\" decoding=\"async\" class=\"alignnone size-full wp-image-1709\" src=\"https:\/\/www.rippa.com\/wp-content\/uploads\/2024\/09\/EPA-4.jpg\" alt=\"\" width=\"56\" height=\"29\" srcset=\"https:\/\/www.rippa.com\/wp-content\/uploads\/2024\/09\/EPA-4.jpg 56w, https:\/\/www.rippa.com\/wp-content\/uploads\/2024\/09\/EPA-4-18x9.jpg 18w\" sizes=\"auto, (max-width: 56px) 100vw, 56px\" \/> \u00a0<img loading=\"lazy\" decoding=\"async\" class=\"alignnone size-full wp-image-1710\" src=\"https:\/\/www.rippa.com\/wp-content\/uploads\/2024\/09\/\u6b27\u4e94.jpg\" alt=\"\" width=\"56\" height=\"29\" srcset=\"https:\/\/www.rippa.com\/wp-content\/uploads\/2024\/09\/\u6b27\u4e94.jpg 56w, https:\/\/www.rippa.com\/wp-content\/uploads\/2024\/09\/\u6b27\u4e94-18x9.jpg 18w\" sizes=\"auto, (max-width: 56px) 100vw, 56px\" \/><\/p>\n<p>Az RB30 kotr\u00f3-rakod\u00f3 az exportkereskedelem kedvelt term\u00e9ke lett er\u0151teljes m\u0171k\u00f6d\u00e9si teljes\u00edtm\u00e9ny\u00e9vel, kiv\u00e1l\u00f3 kezelhet\u0151s\u00e9gi stabilit\u00e1s\u00e1val, k\u00e9nyelmes vezet\u00e9si \u00e9lm\u00e9ny\u00e9vel, tart\u00f3s \u00e9s megb\u00edzhat\u00f3 kialak\u00edt\u00e1s\u00e1val \u00e9s sz\u00e9les k\u00f6r\u0171 alkalmaz\u00e1s\u00e1val, amely megfelel a k\u00fcl\u00f6nb\u00f6z\u0151 \u00fcgyfelek k\u00fcl\u00f6nb\u00f6z\u0151 ig\u00e9nyeinek a nemzetk\u00f6zi piacon.<\/p>\n<p><strong>\u0150szint\u00e9n toboroz glob\u00e1lis \u00fcgyn\u00f6k\u00f6ket:<\/strong><br \/>\nODM, OEM, testreszabhat\u00f3<br \/>\nNagykereskedelmi megrendel\u00e9sek eset\u00e9n kedvezm\u00e9nyek vehet\u0151k ig\u00e9nybe,<br \/>\nA gy\u00e1rt\u00f3k k\u00e9szletet tartanak \u00e9s gyorsan sz\u00e1ll\u00edtanak,<br \/>\nAz \u00fcgyf\u00e9lszolg\u00e1lat 24 \u00f3r\u00e1n kereszt\u00fcl online el\u00e9rhet\u0151,<br \/>\nT\u00f6ltse ki az adatokat, k\u00e9rjen \u00e1raj\u00e1nlatot, \u00e9s legyen az \u00fcgyn\u00f6k\u00fcnk!<\/p>","protected":false},"featured_media":12306,"parent":0,"template":"","meta":{"_acf_changed":false,"_seopress_robots_primary_cat":"none","_seopress_titles_title":"","_seopress_titles_desc":"","_seopress_robots_index":""},"categoryproduct":[36],"class_list":["post-1499","product","type-product","status-publish","has-post-thumbnail","hentry","categoryproduct-loader"],"acf":[],"_links":{"self":[{"href":"https:\/\/www.rippa.com\/hu\/wp-json\/wp\/v2\/product\/1499","targetHints":{"allow":["GET"]}}],"collection":[{"href":"https:\/\/www.rippa.com\/hu\/wp-json\/wp\/v2\/product"}],"about":[{"href":"https:\/\/www.rippa.com\/hu\/wp-json\/wp\/v2\/types\/product"}],"wp:featuredmedia":[{"embeddable":true,"href":"https:\/\/www.rippa.com\/hu\/wp-json\/wp\/v2\/media\/12306"}],"wp:attachment":[{"href":"https:\/\/www.rippa.com\/hu\/wp-json\/wp\/v2\/media?parent=1499"}],"wp:term":[{"taxonomy":"categoryproduct","embeddable":true,"href":"https:\/\/www.rippa.com\/hu\/wp-json\/wp\/v2\/categoryproduct?post=1499"}],"curies":[{"name":"wp","href":"https:\/\/api.w.org\/{rel}","templated":true}]}}