{"id":1494,"date":"2024-09-16T15:07:21","date_gmt":"2024-09-16T07:07:21","guid":{"rendered":"https:\/\/www.rippa.com\/?post_type=product&#038;p=1494"},"modified":"2026-03-14T16:44:20","modified_gmt":"2026-03-14T08:44:20","slug":"backhoe-loader-rb29","status":"publish","type":"product","link":"https:\/\/www.rippa.com\/hu\/product\/kotro-rakodo-rb29\/","title":{"rendered":"RB29 kotr\u00f3-rakod\u00f3"},"content":{"rendered":"<p><img loading=\"lazy\" decoding=\"async\" class=\"alignnone size-full wp-image-1708\" src=\"https:\/\/www.rippa.com\/wp-content\/uploads\/2024\/09\/CE.jpg\" alt=\"\" width=\"56\" height=\"29\" srcset=\"https:\/\/www.rippa.com\/wp-content\/uploads\/2024\/09\/CE.jpg 56w, https:\/\/www.rippa.com\/wp-content\/uploads\/2024\/09\/CE-18x9.jpg 18w\" sizes=\"auto, (max-width: 56px) 100vw, 56px\" \/> \u00a0<img loading=\"lazy\" decoding=\"async\" class=\"alignnone size-full wp-image-1709\" src=\"https:\/\/www.rippa.com\/wp-content\/uploads\/2024\/09\/EPA-4.jpg\" alt=\"\" width=\"56\" height=\"29\" srcset=\"https:\/\/www.rippa.com\/wp-content\/uploads\/2024\/09\/EPA-4.jpg 56w, https:\/\/www.rippa.com\/wp-content\/uploads\/2024\/09\/EPA-4-18x9.jpg 18w\" sizes=\"auto, (max-width: 56px) 100vw, 56px\" \/>\u00a0\u00a0<img loading=\"lazy\" decoding=\"async\" class=\"alignnone size-full wp-image-1710\" src=\"https:\/\/www.rippa.com\/wp-content\/uploads\/2024\/09\/\u6b27\u4e94.jpg\" alt=\"\" width=\"56\" height=\"29\" srcset=\"https:\/\/www.rippa.com\/wp-content\/uploads\/2024\/09\/\u6b27\u4e94.jpg 56w, https:\/\/www.rippa.com\/wp-content\/uploads\/2024\/09\/\u6b27\u4e94-18x9.jpg 18w\" sizes=\"auto, (max-width: 56px) 100vw, 56px\" \/><\/p>\n<p>Az RB29 kotr\u00f3-rakod\u00f3g\u00e9p ide\u00e1lis v\u00e1laszt\u00e1s az exportkereskedelem sz\u00e1m\u00e1ra er\u0151teljes teljes\u00edtm\u00e9ny\u00e9vel, hat\u00e9kony hidraulikarendszer\u00e9vel, kiv\u00e1l\u00f3 min\u0151s\u00e9g\u0171 hardverkonfigur\u00e1ci\u00f3j\u00e1val, felhaszn\u00e1l\u00f3bar\u00e1t kialak\u00edt\u00e1s\u00e1val, sz\u00e9les k\u00f6r\u0171 alkalmazhat\u00f3s\u00e1g\u00e1val \u00e9s megb\u00edzhat\u00f3 biztons\u00e1g\u00e1val.<\/p>\n<p><strong>\u0150szint\u00e9n toboroz glob\u00e1lis \u00fcgyn\u00f6k\u00f6ket:<\/strong><br \/>\nODM, OEM, testreszabhat\u00f3<br \/>\nNagykereskedelmi megrendel\u00e9sek eset\u00e9n kedvezm\u00e9nyek vehet\u0151k ig\u00e9nybe,<br \/>\nA gy\u00e1rt\u00f3k k\u00e9szletet tartanak \u00e9s gyorsan sz\u00e1ll\u00edtanak,<br \/>\nAz \u00fcgyf\u00e9lszolg\u00e1lat a nap 24 \u00f3r\u00e1j\u00e1ban online el\u00e9rhet\u0151,<br \/>\nT\u00f6ltse ki az adatokat, k\u00e9rjen \u00e1raj\u00e1nlatot, \u00e9s legyen az \u00fcgyn\u00f6k\u00fcnk!<\/p>","protected":false},"featured_media":12164,"parent":0,"template":"","meta":{"_acf_changed":false,"_seopress_robots_primary_cat":"none","_seopress_titles_title":"","_seopress_titles_desc":"","_seopress_robots_index":""},"categoryproduct":[36],"class_list":["post-1494","product","type-product","status-publish","has-post-thumbnail","hentry","categoryproduct-loader"],"acf":[],"_links":{"self":[{"href":"https:\/\/www.rippa.com\/hu\/wp-json\/wp\/v2\/product\/1494","targetHints":{"allow":["GET"]}}],"collection":[{"href":"https:\/\/www.rippa.com\/hu\/wp-json\/wp\/v2\/product"}],"about":[{"href":"https:\/\/www.rippa.com\/hu\/wp-json\/wp\/v2\/types\/product"}],"wp:featuredmedia":[{"embeddable":true,"href":"https:\/\/www.rippa.com\/hu\/wp-json\/wp\/v2\/media\/12164"}],"wp:attachment":[{"href":"https:\/\/www.rippa.com\/hu\/wp-json\/wp\/v2\/media?parent=1494"}],"wp:term":[{"taxonomy":"categoryproduct","embeddable":true,"href":"https:\/\/www.rippa.com\/hu\/wp-json\/wp\/v2\/categoryproduct?post=1494"}],"curies":[{"name":"wp","href":"https:\/\/api.w.org\/{rel}","templated":true}]}}