{"id":1480,"date":"2024-12-14T15:52:42","date_gmt":"2024-12-14T07:52:42","guid":{"rendered":"https:\/\/www.rippa.com\/?post_type=product&#038;p=1480"},"modified":"2026-04-15T13:29:47","modified_gmt":"2026-04-15T05:29:47","slug":"rs06-skid-steer","status":"publish","type":"product","link":"https:\/\/www.rippa.com\/hu\/product\/rs06-skid-steer\/","title":{"rendered":"RS06 Skid Steer"},"content":{"rendered":"<p><img loading=\"lazy\" decoding=\"async\" class=\"alignnone size-full wp-image-1709\" src=\"https:\/\/www.rippa.com\/wp-content\/uploads\/2024\/09\/EPA-4.jpg\" alt=\"\" width=\"56\" height=\"29\" srcset=\"https:\/\/www.rippa.com\/wp-content\/uploads\/2024\/09\/EPA-4.jpg 56w, https:\/\/www.rippa.com\/wp-content\/uploads\/2024\/09\/EPA-4-18x9.jpg 18w\" sizes=\"auto, (max-width: 56px) 100vw, 56px\" \/> \u00a0<img loading=\"lazy\" decoding=\"async\" class=\"alignnone size-full wp-image-1710\" src=\"https:\/\/www.rippa.com\/wp-content\/uploads\/2024\/09\/\u6b27\u4e94.jpg\" alt=\"\" width=\"56\" height=\"29\" srcset=\"https:\/\/www.rippa.com\/wp-content\/uploads\/2024\/09\/\u6b27\u4e94.jpg 56w, https:\/\/www.rippa.com\/wp-content\/uploads\/2024\/09\/\u6b27\u4e94-18x9.jpg 18w\" sizes=\"auto, (max-width: 56px) 100vw, 56px\" \/><\/p>\n<p>Az RS06 cs\u00fasz\u00f3s rakod\u00f3 intelligens sebess\u00e9gszab\u00e1lyoz\u00f3 rendszert alkalmaz, \u00e9s a pil\u00f3ta m\u0171k\u00f6dtet\u0151 foganty\u00fa jav\u00edtja a pontoss\u00e1got \u00e9s a hat\u00e9konys\u00e1got; t\u00e1mogatja a t\u00f6bbfunkci\u00f3s dugaszolhat\u00f3 gyors cser\u00e9t, alkalmazkodik a k\u00fcl\u00f6nb\u00f6z\u0151 munkak\u00f6r\u00fclm\u00e9nyekhez; kompakt \u00e9s rugalmas szerkezet, tart\u00f3s \u00e9s megb\u00edzhat\u00f3, alkalmas a kis helyis\u00e9gek \u00fczemeltet\u00e9s\u00e9re \u00e9s karbantart\u00e1s\u00e1ra a nemzetk\u00f6zi piacon.<\/p>\n<p><strong>Glob\u00e1lis \u00fcgyn\u00f6k\u00f6k toborz\u00e1sa:<\/strong><br \/>\nA megrendel\u00e9sek \u00e9lvezhetik a kedvezm\u00e9nyes \u00e1rakat.<br \/>\nA gy\u00e1rt\u00f3 rakt\u00e1rk\u00e9szlettel \u00e9s gyors sz\u00e1ll\u00edt\u00e1ssal rendelkezik.<br \/>\nAz \u00fcgyf\u00e9lszolg\u00e1lat munkat\u00e1rsai a nap 24 \u00f3r\u00e1j\u00e1ban online szolg\u00e1ltat\u00e1sokat ny\u00fajtanak.<br \/>\nT\u00f6ltse ki az adatokat, k\u00e9rjen \u00e1raj\u00e1nlatot, \u00e9s legyen az \u00fcgyn\u00f6k\u00fcnk!<\/p>","protected":false},"featured_media":12300,"parent":0,"template":"","meta":{"_acf_changed":false,"_seopress_robots_primary_cat":"none","_seopress_titles_title":"","_seopress_titles_desc":"","_seopress_robots_index":""},"categoryproduct":[44],"class_list":["post-1480","product","type-product","status-publish","has-post-thumbnail","hentry","categoryproduct-skid-steer"],"acf":[],"_links":{"self":[{"href":"https:\/\/www.rippa.com\/hu\/wp-json\/wp\/v2\/product\/1480","targetHints":{"allow":["GET"]}}],"collection":[{"href":"https:\/\/www.rippa.com\/hu\/wp-json\/wp\/v2\/product"}],"about":[{"href":"https:\/\/www.rippa.com\/hu\/wp-json\/wp\/v2\/types\/product"}],"wp:featuredmedia":[{"embeddable":true,"href":"https:\/\/www.rippa.com\/hu\/wp-json\/wp\/v2\/media\/12300"}],"wp:attachment":[{"href":"https:\/\/www.rippa.com\/hu\/wp-json\/wp\/v2\/media?parent=1480"}],"wp:term":[{"taxonomy":"categoryproduct","embeddable":true,"href":"https:\/\/www.rippa.com\/hu\/wp-json\/wp\/v2\/categoryproduct?post=1480"}],"curies":[{"name":"wp","href":"https:\/\/api.w.org\/{rel}","templated":true}]}}