{"id":13349,"date":"2026-04-22T14:52:36","date_gmt":"2026-04-22T06:52:36","guid":{"rendered":"https:\/\/www.rippa.com\/?post_type=product&#038;p=13349"},"modified":"2026-04-22T16:01:13","modified_gmt":"2026-04-22T08:01:13","slug":"lithium-ion-forklift-rf35l","status":"publish","type":"product","link":"https:\/\/www.rippa.com\/hu\/product\/lithium-ion-forklift-rf35l\/","title":{"rendered":"Lithium-ion Forklift RF35L"},"content":{"rendered":"<p>Features wide, textured armrests, deep non-slip stepsfor easy entry and exit, thumb-actuated directionalcontrols, seat-side power disconnect, spacious, easilyaccessible storage area on the hood, and a tilt steeringcolumn with optional tilt memory and telescopingfeatures to reduce operator fatigue.<\/p>\n<p><strong><span style=\"font-size: 14pt;\">\u00dcgyn\u00f6k\u00f6k toborz\u00e1sa vil\u00e1gszerte:<\/span><\/strong><br \/>\nODM, OEM, testreszabhat\u00f3<br \/>\nNagykereskedelmi megrendel\u00e9sek eset\u00e9n kedvezm\u00e9nyes \u00e1rak.<br \/>\nA gy\u00e1rt\u00f3k k\u00e9szletet tartanak \u00e9s gyors sz\u00e1ll\u00edt\u00e1st biztos\u00edtanak.<br \/>\nAz \u00fcgyf\u00e9lszolg\u00e1lati szem\u00e9lyzet a nap 24 \u00f3r\u00e1j\u00e1ban online \u00e1ll rendelkez\u00e9sre a szolg\u00e1ltat\u00e1sok ny\u00fajt\u00e1s\u00e1hoz.<br \/>\nT\u00f6ltse ki az adatokat, k\u00e9rjen \u00e1raj\u00e1nlatot, \u00e9s legyen az \u00fcgyn\u00f6k\u00fcnk!<\/p>","protected":false},"featured_media":13316,"parent":0,"template":"","meta":{"_acf_changed":false,"_seopress_robots_primary_cat":"none","_seopress_titles_title":"","_seopress_titles_desc":"","_seopress_robots_index":""},"categoryproduct":[41],"class_list":["post-13349","product","type-product","status-publish","has-post-thumbnail","hentry","categoryproduct-rippa-forklift"],"acf":[],"_links":{"self":[{"href":"https:\/\/www.rippa.com\/hu\/wp-json\/wp\/v2\/product\/13349","targetHints":{"allow":["GET"]}}],"collection":[{"href":"https:\/\/www.rippa.com\/hu\/wp-json\/wp\/v2\/product"}],"about":[{"href":"https:\/\/www.rippa.com\/hu\/wp-json\/wp\/v2\/types\/product"}],"wp:featuredmedia":[{"embeddable":true,"href":"https:\/\/www.rippa.com\/hu\/wp-json\/wp\/v2\/media\/13316"}],"wp:attachment":[{"href":"https:\/\/www.rippa.com\/hu\/wp-json\/wp\/v2\/media?parent=13349"}],"wp:term":[{"taxonomy":"categoryproduct","embeddable":true,"href":"https:\/\/www.rippa.com\/hu\/wp-json\/wp\/v2\/categoryproduct?post=13349"}],"curies":[{"name":"wp","href":"https:\/\/api.w.org\/{rel}","templated":true}]}}