{"id":923,"date":"2024-09-17T16:56:44","date_gmt":"2024-09-17T08:56:44","guid":{"rendered":"https:\/\/rippa.rippa.cc\/?post_type=product&#038;p=923"},"modified":"2026-05-09T14:49:19","modified_gmt":"2026-05-09T06:49:19","slug":"mini-excavator-r15","status":"publish","type":"product","link":"https:\/\/www.rippa.com\/fr\/product\/mini-excavator-r15\/","title":{"rendered":"Mini-pelle R15"},"content":{"rendered":"<p><img loading=\"lazy\" decoding=\"async\" class=\"alignnone size-full wp-image-1708\" src=\"https:\/\/www.rippa.com\/wp-content\/uploads\/2024\/09\/CE.jpg\" alt=\"\" width=\"56\" height=\"29\" srcset=\"https:\/\/www.rippa.com\/wp-content\/uploads\/2024\/09\/CE.jpg 56w, https:\/\/www.rippa.com\/wp-content\/uploads\/2024\/09\/CE-18x9.jpg 18w\" sizes=\"auto, (max-width: 56px) 100vw, 56px\" \/> \u00a0<img loading=\"lazy\" decoding=\"async\" class=\"alignnone size-full wp-image-1709\" src=\"https:\/\/www.rippa.com\/wp-content\/uploads\/2024\/09\/EPA-4.jpg\" alt=\"\" width=\"56\" height=\"29\" srcset=\"https:\/\/www.rippa.com\/wp-content\/uploads\/2024\/09\/EPA-4.jpg 56w, https:\/\/www.rippa.com\/wp-content\/uploads\/2024\/09\/EPA-4-18x9.jpg 18w\" sizes=\"auto, (max-width: 56px) 100vw, 56px\" \/> \u00a0<img loading=\"lazy\" decoding=\"async\" class=\"alignnone size-full wp-image-1710\" src=\"https:\/\/www.rippa.com\/wp-content\/uploads\/2024\/09\/\u6b27\u4e94.jpg\" alt=\"\" width=\"56\" height=\"29\" srcset=\"https:\/\/www.rippa.com\/wp-content\/uploads\/2024\/09\/\u6b27\u4e94.jpg 56w, https:\/\/www.rippa.com\/wp-content\/uploads\/2024\/09\/\u6b27\u4e94-18x9.jpg 18w\" sizes=\"auto, (max-width: 56px) 100vw, 56px\" \/><\/p>\n<p>La mini-pelle RIPPA R15 ECO est une machine polyvalente et \u00e9quilibr\u00e9e pour les projets d'infrastructure domestique. Elle prend en charge des flux de travail structur\u00e9s - creuser, fa\u00e7onner, finir - tout en restant maniable dans les environnements r\u00e9sidentiels. Elle est id\u00e9ale pour les propri\u00e9taires et les petits exploitants agricoles qui souhaitent disposer d'une seule machine pour r\u00e9aliser la plupart de leurs travaux.<\/p>\n<p><span style=\"font-size: 14pt;\"><strong>Recrutement d'agents dans le monde entier :<\/strong><\/span><br \/>\nLe stock est disponible dans le centre de distribution le plus proche, avec une livraison rapide et des accessoires complets.<br \/>\nLe personnel du service client\u00e8le est en ligne 24 heures sur 24 pour vous fournir un service.<br \/>\nRemplissez vos informations, obtenez un devis et devenez notre agent !<\/p>","protected":false},"featured_media":12287,"parent":0,"template":"","meta":{"_acf_changed":false,"_seopress_robots_primary_cat":"none","_seopress_titles_title":"","_seopress_titles_desc":"","_seopress_robots_index":""},"categoryproduct":[29],"class_list":["post-923","product","type-product","status-publish","has-post-thumbnail","hentry","categoryproduct-mini-excavator"],"acf":[],"_links":{"self":[{"href":"https:\/\/www.rippa.com\/fr\/wp-json\/wp\/v2\/product\/923","targetHints":{"allow":["GET"]}}],"collection":[{"href":"https:\/\/www.rippa.com\/fr\/wp-json\/wp\/v2\/product"}],"about":[{"href":"https:\/\/www.rippa.com\/fr\/wp-json\/wp\/v2\/types\/product"}],"wp:featuredmedia":[{"embeddable":true,"href":"https:\/\/www.rippa.com\/fr\/wp-json\/wp\/v2\/media\/12287"}],"wp:attachment":[{"href":"https:\/\/www.rippa.com\/fr\/wp-json\/wp\/v2\/media?parent=923"}],"wp:term":[{"taxonomy":"categoryproduct","embeddable":true,"href":"https:\/\/www.rippa.com\/fr\/wp-json\/wp\/v2\/categoryproduct?post=923"}],"curies":[{"name":"wp","href":"https:\/\/api.w.org\/{rel}","templated":true}]}}