{"id":1607,"date":"2024-09-17T16:42:42","date_gmt":"2024-09-17T08:42:42","guid":{"rendered":"https:\/\/www.rippa.com\/?post_type=product&#038;p=1607"},"modified":"2026-02-25T17:24:54","modified_gmt":"2026-02-25T09:24:54","slug":"r230-large-excavator","status":"publish","type":"product","link":"https:\/\/www.rippa.com\/fr\/product\/r230-grande-pelle\/","title":{"rendered":"R230 Grande pelleteuse"},"content":{"rendered":"<p>The advantages of the R230 large excavator in terms of power performance, production efficiency, quality durability, operating comfort, maintenance convenience, and after-sales service support will help attract the attention of potential customers for export trade.<\/p>\n<p><strong>Recrutement d'agents internationaux :<\/strong><br \/>\nODM, OEM, vente en gros<br \/>\nLes commandes peuvent b\u00e9n\u00e9ficier de prix r\u00e9duits.<br \/>\nLe fabricant dispose d'un stock et d'une livraison rapide.<br \/>\nLe personnel du service client\u00e8le fournit des services en ligne 24 heures sur 24.<br \/>\nRemplissez les informations, obtenez un devis et devenez notre agent !<\/p>","protected":false},"featured_media":5306,"parent":0,"template":"","meta":{"_acf_changed":false,"_seopress_robots_primary_cat":"none","_seopress_titles_title":"","_seopress_titles_desc":"","_seopress_robots_index":""},"categoryproduct":[30],"class_list":["post-1607","product","type-product","status-publish","has-post-thumbnail","hentry","categoryproduct-large-excavator"],"acf":[],"_links":{"self":[{"href":"https:\/\/www.rippa.com\/fr\/wp-json\/wp\/v2\/product\/1607","targetHints":{"allow":["GET"]}}],"collection":[{"href":"https:\/\/www.rippa.com\/fr\/wp-json\/wp\/v2\/product"}],"about":[{"href":"https:\/\/www.rippa.com\/fr\/wp-json\/wp\/v2\/types\/product"}],"wp:featuredmedia":[{"embeddable":true,"href":"https:\/\/www.rippa.com\/fr\/wp-json\/wp\/v2\/media\/5306"}],"wp:attachment":[{"href":"https:\/\/www.rippa.com\/fr\/wp-json\/wp\/v2\/media?parent=1607"}],"wp:term":[{"taxonomy":"categoryproduct","embeddable":true,"href":"https:\/\/www.rippa.com\/fr\/wp-json\/wp\/v2\/categoryproduct?post=1607"}],"curies":[{"name":"wp","href":"https:\/\/api.w.org\/{rel}","templated":true}]}}