{"id":23,"date":"2024-08-13T14:57:38","date_gmt":"2024-08-13T06:57:38","guid":{"rendered":"http:\/\/haonuo.cc\/?page_id=23"},"modified":"2025-06-06T14:40:48","modified_gmt":"2025-06-06T06:40:48","slug":"aboutus","status":"publish","type":"page","link":"https:\/\/www.rippa.com\/fr\/a-propos-de-nous\/","title":{"rendered":"\u00c0 propos de nous"},"content":{"rendered":"<p>Shandong Rippa Machinery Group Co. est une entreprise mondiale de fabrication de machines dont le si\u00e8ge se trouve \u00e0 Jining, dans la province de Shandong, en Chine, et qui se concentre sur la recherche, le d\u00e9veloppement, la production et la vente de machines et d'\u00e9quipements de construction de haute qualit\u00e9. Les produits de l'entreprise comprennent des excavateurs, des chargeurs, des chariots \u00e9l\u00e9vateurs, des chargeurs compacts et leurs accessoires, qui sont largement utilis\u00e9s dans les secteurs de l'agriculture, de la construction, de l'exploitation mini\u00e8re et d'autres industries. Gr\u00e2ce \u00e0 ses capacit\u00e9s de recherche et de d\u00e9veloppement innovantes et \u00e0 un contr\u00f4le de qualit\u00e9 strict, les \u00e9quipements fournis par Rippa Machinery jouissent d'une grande r\u00e9putation dans le monde entier. Nous exportons principalement vers les march\u00e9s europ\u00e9ens et am\u00e9ricains et fournissons une garantie de qualit\u00e9 d'un an. Nous nous engageons \u00e0 r\u00e9pondre aux besoins de nos clients en mati\u00e8re de produits rentables et de haute qualit\u00e9. Rippa poss\u00e8de \u00e9galement de nombreux agents dans le monde entier, qui fournissent des services complets, de la consultation avant-vente \u00e0 l'assistance apr\u00e8s-vente, afin que les clients b\u00e9n\u00e9ficient de la meilleure exp\u00e9rience possible en mati\u00e8re de s\u00e9lection, de livraison et d'entretien des produits.<\/p>","protected":false},"excerpt":{"rendered":"<p>Shandong Rippa Machinery Group Co., Ltd. is a global machinery manufacturing company headquartered in Jining, Shandong Province, China, focusing on the research, development, production and sales of high-quality construction machinery and equipment. The company&#8217;s products include excavators, loaders, forklifts, skid loaders and their accessories, which are widely used in agriculture, construction, mining and other industries. [&hellip;]<\/p>\n","protected":false},"author":1,"featured_media":2813,"parent":0,"menu_order":3,"comment_status":"closed","ping_status":"closed","template":"about.php","meta":{"_acf_changed":false,"_seopress_robots_primary_cat":"","_seopress_titles_title":"","_seopress_titles_desc":"","_seopress_robots_index":"","footnotes":""},"class_list":["post-23","page","type-page","status-publish","has-post-thumbnail","hentry"],"acf":[],"_links":{"self":[{"href":"https:\/\/www.rippa.com\/fr\/wp-json\/wp\/v2\/pages\/23","targetHints":{"allow":["GET"]}}],"collection":[{"href":"https:\/\/www.rippa.com\/fr\/wp-json\/wp\/v2\/pages"}],"about":[{"href":"https:\/\/www.rippa.com\/fr\/wp-json\/wp\/v2\/types\/page"}],"author":[{"embeddable":true,"href":"https:\/\/www.rippa.com\/fr\/wp-json\/wp\/v2\/users\/1"}],"replies":[{"embeddable":true,"href":"https:\/\/www.rippa.com\/fr\/wp-json\/wp\/v2\/comments?post=23"}],"version-history":[{"count":0,"href":"https:\/\/www.rippa.com\/fr\/wp-json\/wp\/v2\/pages\/23\/revisions"}],"wp:featuredmedia":[{"embeddable":true,"href":"https:\/\/www.rippa.com\/fr\/wp-json\/wp\/v2\/media\/2813"}],"wp:attachment":[{"href":"https:\/\/www.rippa.com\/fr\/wp-json\/wp\/v2\/media?parent=23"}],"curies":[{"name":"wp","href":"https:\/\/api.w.org\/{rel}","templated":true}]}}