{"id":5088,"date":"2026-04-22T15:00:23","date_gmt":"2026-04-22T07:00:23","guid":{"rendered":"https:\/\/rippa.com\/?post_type=product&#038;p=5088"},"modified":"2026-04-22T15:53:25","modified_gmt":"2026-04-22T07:53:25","slug":"electric-forklift-rf15e","status":"publish","type":"product","link":"https:\/\/www.rippa.com\/fi\/product\/electric-forklift-rf15e\/","title":{"rendered":"Electric forklift RF15E"},"content":{"rendered":"<p>Features wide, textured armrests, deep non-slip stepsfor easy entry and exit, thumb-actuated directionalcontrols, seat-side power disconnect, spacious, easilyaccessible storage area on the hood, and a tilt steeringcolumn with optional tilt memory and telescopingfeatures to reduce operator fatigue.<\/p>\n<p><strong><span style=\"font-size: 14pt;\">Rekrytoi agentteja maailmanlaajuisesti:<\/span><\/strong><br \/>\nODM, OEM, muokattavissa<br \/>\nAlennetut hinnat saatavilla tukkutilauksille.<br \/>\nValmistajilla on varastoja ja ne toimitetaan nopeasti.<br \/>\nAsiakaspalveluhenkil\u00f6st\u00f6 on verkossa 24 tuntia vuorokaudessa ja tarjoaa palveluja.<br \/>\nT\u00e4yt\u00e4 tiedot, pyyd\u00e4 tarjous ja ryhdy agentiksemme!<\/p>","protected":false},"featured_media":5091,"parent":0,"template":"","meta":{"_acf_changed":false,"_seopress_robots_primary_cat":"none","_seopress_titles_title":"","_seopress_titles_desc":"","_seopress_robots_index":""},"categoryproduct":[41],"class_list":["post-5088","product","type-product","status-publish","has-post-thumbnail","hentry","categoryproduct-rippa-forklift"],"acf":[],"_links":{"self":[{"href":"https:\/\/www.rippa.com\/fi\/wp-json\/wp\/v2\/product\/5088","targetHints":{"allow":["GET"]}}],"collection":[{"href":"https:\/\/www.rippa.com\/fi\/wp-json\/wp\/v2\/product"}],"about":[{"href":"https:\/\/www.rippa.com\/fi\/wp-json\/wp\/v2\/types\/product"}],"wp:featuredmedia":[{"embeddable":true,"href":"https:\/\/www.rippa.com\/fi\/wp-json\/wp\/v2\/media\/5091"}],"wp:attachment":[{"href":"https:\/\/www.rippa.com\/fi\/wp-json\/wp\/v2\/media?parent=5088"}],"wp:term":[{"taxonomy":"categoryproduct","embeddable":true,"href":"https:\/\/www.rippa.com\/fi\/wp-json\/wp\/v2\/categoryproduct?post=5088"}],"curies":[{"name":"wp","href":"https:\/\/api.w.org\/{rel}","templated":true}]}}