{"id":1670,"date":"2024-09-16T16:05:56","date_gmt":"2024-09-16T08:05:56","guid":{"rendered":"https:\/\/www.rippa.com\/?post_type=product&#038;p=1670"},"modified":"2026-04-21T16:40:39","modified_gmt":"2026-04-21T08:40:39","slug":"rl30-wheel-loader","status":"publish","type":"product","link":"https:\/\/www.rippa.com\/fi\/product\/rl30-wheel-loader\/","title":{"rendered":"RL30 Wheel Loader"},"content":{"rendered":"<p>RL30 wheel loader has become a high-quality engineering machinery product that has attracted much attention in the market with its high performance, high efficiency, high durability, comfortable operating environment and perfect after-sales service system.<\/p>\n<p><strong>Etsimme vilpitt\u00f6m\u00e4sti maailmanlaajuisia agentteja:<\/strong><br \/>\nODM, OEM, muokattavissa<br \/>\nTukkutilauksista on saatavilla alennuksia.<br \/>\nThe manufacturer has inventory and delivers quickly.<br \/>\nAsiakaspalveluhenkil\u00f6st\u00f6 tarjoaa palveluja verkossa 24 tuntia vuorokaudessa.<br \/>\nT\u00e4yt\u00e4 tiedot, pyyd\u00e4 tarjous ja ryhdy agentiksemme!<\/p>","protected":false},"featured_media":12361,"parent":0,"template":"","meta":{"_acf_changed":false,"_seopress_robots_primary_cat":"none","_seopress_titles_title":"","_seopress_titles_desc":"","_seopress_robots_index":""},"categoryproduct":[43],"class_list":["post-1670","product","type-product","status-publish","has-post-thumbnail","hentry","categoryproduct-wheel-loader"],"acf":[],"_links":{"self":[{"href":"https:\/\/www.rippa.com\/fi\/wp-json\/wp\/v2\/product\/1670","targetHints":{"allow":["GET"]}}],"collection":[{"href":"https:\/\/www.rippa.com\/fi\/wp-json\/wp\/v2\/product"}],"about":[{"href":"https:\/\/www.rippa.com\/fi\/wp-json\/wp\/v2\/types\/product"}],"wp:featuredmedia":[{"embeddable":true,"href":"https:\/\/www.rippa.com\/fi\/wp-json\/wp\/v2\/media\/12361"}],"wp:attachment":[{"href":"https:\/\/www.rippa.com\/fi\/wp-json\/wp\/v2\/media?parent=1670"}],"wp:term":[{"taxonomy":"categoryproduct","embeddable":true,"href":"https:\/\/www.rippa.com\/fi\/wp-json\/wp\/v2\/categoryproduct?post=1670"}],"curies":[{"name":"wp","href":"https:\/\/api.w.org\/{rel}","templated":true}]}}