{"id":1556,"date":"2024-09-17T15:40:29","date_gmt":"2024-09-17T07:40:29","guid":{"rendered":"https:\/\/www.rippa.com\/?post_type=product&#038;p=1556"},"modified":"2026-04-21T16:38:53","modified_gmt":"2026-04-21T08:38:53","slug":"rl06-wheel-loader","status":"publish","type":"product","link":"https:\/\/www.rippa.com\/fi\/product\/rl06-pyorakuormaaja\/","title":{"rendered":"RL06 Py\u00f6r\u00e4kuormaaja"},"content":{"rendered":"<p><img loading=\"lazy\" decoding=\"async\" class=\"alignnone size-full wp-image-1708\" src=\"https:\/\/www.rippa.com\/wp-content\/uploads\/2024\/09\/CE.jpg\" alt=\"\" width=\"56\" height=\"29\" srcset=\"https:\/\/www.rippa.com\/wp-content\/uploads\/2024\/09\/CE.jpg 56w, https:\/\/www.rippa.com\/wp-content\/uploads\/2024\/09\/CE-18x9.jpg 18w\" sizes=\"auto, (max-width: 56px) 100vw, 56px\" \/> \u00a0<img loading=\"lazy\" decoding=\"async\" class=\"alignnone size-full wp-image-1710\" src=\"https:\/\/www.rippa.com\/wp-content\/uploads\/2024\/09\/\u6b27\u4e94.jpg\" alt=\"\" width=\"56\" height=\"29\" srcset=\"https:\/\/www.rippa.com\/wp-content\/uploads\/2024\/09\/\u6b27\u4e94.jpg 56w, https:\/\/www.rippa.com\/wp-content\/uploads\/2024\/09\/\u6b27\u4e94-18x9.jpg 18w\" sizes=\"auto, (max-width: 56px) 100vw, 56px\" \/><\/p>\n<p>RIPPA RL06 -kuormaajan edut tehokkuuden, kustannusten, monipuolisuuden, helppok\u00e4ytt\u00f6isyyden, kest\u00e4vyyden ja ymp\u00e4rist\u00f6nsuojelun osalta auttavat houkuttelemaan potentiaalisia asiakkaita vientikaupassa.<\/p>\n<p><strong>Maailmanlaajuisten toimihenkil\u00f6iden rekrytointi:<\/strong><br \/>\nODM, OEM, tukku<br \/>\nTilaukset voivat nauttia alennushinnoista.<br \/>\nTehtaalla on varasto ja nopea toimitus.<br \/>\nAsiakaspalveluhenkil\u00f6st\u00f6 on k\u00e4ytett\u00e4viss\u00e4 24 tuntia vuorokaudessa.<br \/>\nT\u00e4yt\u00e4 tiedot, pyyd\u00e4 tarjous ja ryhdy agentiksemme!<\/p>","protected":false},"featured_media":11452,"parent":0,"template":"","meta":{"_acf_changed":false,"_seopress_robots_primary_cat":"none","_seopress_titles_title":"","_seopress_titles_desc":"","_seopress_robots_index":""},"categoryproduct":[43],"class_list":["post-1556","product","type-product","status-publish","has-post-thumbnail","hentry","categoryproduct-wheel-loader"],"acf":[],"_links":{"self":[{"href":"https:\/\/www.rippa.com\/fi\/wp-json\/wp\/v2\/product\/1556","targetHints":{"allow":["GET"]}}],"collection":[{"href":"https:\/\/www.rippa.com\/fi\/wp-json\/wp\/v2\/product"}],"about":[{"href":"https:\/\/www.rippa.com\/fi\/wp-json\/wp\/v2\/types\/product"}],"wp:featuredmedia":[{"embeddable":true,"href":"https:\/\/www.rippa.com\/fi\/wp-json\/wp\/v2\/media\/11452"}],"wp:attachment":[{"href":"https:\/\/www.rippa.com\/fi\/wp-json\/wp\/v2\/media?parent=1556"}],"wp:term":[{"taxonomy":"categoryproduct","embeddable":true,"href":"https:\/\/www.rippa.com\/fi\/wp-json\/wp\/v2\/categoryproduct?post=1556"}],"curies":[{"name":"wp","href":"https:\/\/api.w.org\/{rel}","templated":true}]}}