{"id":1499,"date":"2024-09-15T16:24:15","date_gmt":"2024-09-15T08:24:15","guid":{"rendered":"https:\/\/www.rippa.com\/?post_type=product&#038;p=1499"},"modified":"2026-03-18T11:00:20","modified_gmt":"2026-03-18T03:00:20","slug":"backhoe-loader-rb30","status":"publish","type":"product","link":"https:\/\/www.rippa.com\/fi\/product\/kaivinkone-kuormaaja-rb30\/","title":{"rendered":"Kauhakuormaaja RB30"},"content":{"rendered":"<p><img loading=\"lazy\" decoding=\"async\" class=\"alignnone size-full wp-image-1709\" src=\"https:\/\/www.rippa.com\/wp-content\/uploads\/2024\/09\/EPA-4.jpg\" alt=\"\" width=\"56\" height=\"29\" srcset=\"https:\/\/www.rippa.com\/wp-content\/uploads\/2024\/09\/EPA-4.jpg 56w, https:\/\/www.rippa.com\/wp-content\/uploads\/2024\/09\/EPA-4-18x9.jpg 18w\" sizes=\"auto, (max-width: 56px) 100vw, 56px\" \/> \u00a0<img loading=\"lazy\" decoding=\"async\" class=\"alignnone size-full wp-image-1710\" src=\"https:\/\/www.rippa.com\/wp-content\/uploads\/2024\/09\/\u6b27\u4e94.jpg\" alt=\"\" width=\"56\" height=\"29\" srcset=\"https:\/\/www.rippa.com\/wp-content\/uploads\/2024\/09\/\u6b27\u4e94.jpg 56w, https:\/\/www.rippa.com\/wp-content\/uploads\/2024\/09\/\u6b27\u4e94-18x9.jpg 18w\" sizes=\"auto, (max-width: 56px) 100vw, 56px\" \/><\/p>\n<p>RB30-kaivurikuormaajasta on tullut vientikaupan suosikkituote, jonka tehokas toimintakyky, erinomainen k\u00e4sittelyvakavuus, mukava ajokokemus, kest\u00e4v\u00e4 ja luotettava rakenne sek\u00e4 laaja valikoima sovelluksia vastaavat eri asiakkaiden erilaisia tarpeita kansainv\u00e4lisill\u00e4 markkinoilla.<\/p>\n<p><strong>Etsimme vilpitt\u00f6m\u00e4sti maailmanlaajuisia agentteja:<\/strong><br \/>\nODM, OEM, muokattavissa<br \/>\nTukkutilauksista on saatavilla alennuksia,<br \/>\nValmistajilla on varastoja ja ne toimitetaan nopeasti,<br \/>\nAsiakaspalvelu on k\u00e4ytett\u00e4viss\u00e4 24 tuntia vuorokaudessa verkossa,<br \/>\nT\u00e4yt\u00e4 tiedot, pyyd\u00e4 tarjous ja ryhdy agentiksemme!<\/p>","protected":false},"featured_media":12306,"parent":0,"template":"","meta":{"_acf_changed":false,"_seopress_robots_primary_cat":"none","_seopress_titles_title":"","_seopress_titles_desc":"","_seopress_robots_index":""},"categoryproduct":[36],"class_list":["post-1499","product","type-product","status-publish","has-post-thumbnail","hentry","categoryproduct-loader"],"acf":[],"_links":{"self":[{"href":"https:\/\/www.rippa.com\/fi\/wp-json\/wp\/v2\/product\/1499","targetHints":{"allow":["GET"]}}],"collection":[{"href":"https:\/\/www.rippa.com\/fi\/wp-json\/wp\/v2\/product"}],"about":[{"href":"https:\/\/www.rippa.com\/fi\/wp-json\/wp\/v2\/types\/product"}],"wp:featuredmedia":[{"embeddable":true,"href":"https:\/\/www.rippa.com\/fi\/wp-json\/wp\/v2\/media\/12306"}],"wp:attachment":[{"href":"https:\/\/www.rippa.com\/fi\/wp-json\/wp\/v2\/media?parent=1499"}],"wp:term":[{"taxonomy":"categoryproduct","embeddable":true,"href":"https:\/\/www.rippa.com\/fi\/wp-json\/wp\/v2\/categoryproduct?post=1499"}],"curies":[{"name":"wp","href":"https:\/\/api.w.org\/{rel}","templated":true}]}}