{"id":1486,"date":"2024-09-16T15:54:46","date_gmt":"2024-09-16T07:54:46","guid":{"rendered":"https:\/\/www.rippa.com\/?post_type=product&#038;p=1486"},"modified":"2026-03-30T14:56:49","modified_gmt":"2026-03-30T06:56:49","slug":"rs20-skid-steer","status":"publish","type":"product","link":"https:\/\/www.rippa.com\/fi\/product\/rs20-skid-steer\/","title":{"rendered":"RS20 Skid Steer"},"content":{"rendered":"<p><img loading=\"lazy\" decoding=\"async\" class=\"alignnone size-full wp-image-1709\" src=\"https:\/\/www.rippa.com\/wp-content\/uploads\/2024\/09\/EPA-4.jpg\" alt=\"\" width=\"56\" height=\"29\" srcset=\"https:\/\/www.rippa.com\/wp-content\/uploads\/2024\/09\/EPA-4.jpg 56w, https:\/\/www.rippa.com\/wp-content\/uploads\/2024\/09\/EPA-4-18x9.jpg 18w\" sizes=\"auto, (max-width: 56px) 100vw, 56px\" \/> \u00a0<img loading=\"lazy\" decoding=\"async\" class=\"alignnone size-full wp-image-1710\" src=\"https:\/\/www.rippa.com\/wp-content\/uploads\/2024\/09\/\u6b27\u4e94.jpg\" alt=\"\" width=\"56\" height=\"29\" srcset=\"https:\/\/www.rippa.com\/wp-content\/uploads\/2024\/09\/\u6b27\u4e94.jpg 56w, https:\/\/www.rippa.com\/wp-content\/uploads\/2024\/09\/\u6b27\u4e94-18x9.jpg 18w\" sizes=\"auto, (max-width: 56px) 100vw, 56px\" \/><\/p>\n<p>The advantages of RIPPA RS20 skid loader in performance, comfort, ease of use, versatility and brand advantages help attract potential customers in export trade.<\/p>\n<p>Maailmanlaajuisten toimihenkil\u00f6iden rekrytointi:<br \/>\nTilaukset voivat nauttia alennushinnoista.<br \/>\nFactory inventory, fast delivery.<br \/>\nAsiakaspalveluhenkil\u00f6st\u00f6 on k\u00e4ytett\u00e4viss\u00e4 24 tuntia vuorokaudessa.<br \/>\nT\u00e4yt\u00e4 tiedot, pyyd\u00e4 tarjous ja ryhdy agentiksemme!<\/p>","protected":false},"featured_media":12303,"parent":0,"template":"","meta":{"_acf_changed":false,"_seopress_robots_primary_cat":"none","_seopress_titles_title":"","_seopress_titles_desc":"","_seopress_robots_index":""},"categoryproduct":[44],"class_list":["post-1486","product","type-product","status-publish","has-post-thumbnail","hentry","categoryproduct-skid-steer"],"acf":[],"_links":{"self":[{"href":"https:\/\/www.rippa.com\/fi\/wp-json\/wp\/v2\/product\/1486","targetHints":{"allow":["GET"]}}],"collection":[{"href":"https:\/\/www.rippa.com\/fi\/wp-json\/wp\/v2\/product"}],"about":[{"href":"https:\/\/www.rippa.com\/fi\/wp-json\/wp\/v2\/types\/product"}],"wp:featuredmedia":[{"embeddable":true,"href":"https:\/\/www.rippa.com\/fi\/wp-json\/wp\/v2\/media\/12303"}],"wp:attachment":[{"href":"https:\/\/www.rippa.com\/fi\/wp-json\/wp\/v2\/media?parent=1486"}],"wp:term":[{"taxonomy":"categoryproduct","embeddable":true,"href":"https:\/\/www.rippa.com\/fi\/wp-json\/wp\/v2\/categoryproduct?post=1486"}],"curies":[{"name":"wp","href":"https:\/\/api.w.org\/{rel}","templated":true}]}}