{"id":1480,"date":"2024-12-14T15:52:42","date_gmt":"2024-12-14T07:52:42","guid":{"rendered":"https:\/\/www.rippa.com\/?post_type=product&#038;p=1480"},"modified":"2026-04-15T13:29:47","modified_gmt":"2026-04-15T05:29:47","slug":"rs06-skid-steer","status":"publish","type":"product","link":"https:\/\/www.rippa.com\/fi\/product\/rs06-skid-steer\/","title":{"rendered":"RS06 Skid Steer"},"content":{"rendered":"<p><img loading=\"lazy\" decoding=\"async\" class=\"alignnone size-full wp-image-1709\" src=\"https:\/\/www.rippa.com\/wp-content\/uploads\/2024\/09\/EPA-4.jpg\" alt=\"\" width=\"56\" height=\"29\" srcset=\"https:\/\/www.rippa.com\/wp-content\/uploads\/2024\/09\/EPA-4.jpg 56w, https:\/\/www.rippa.com\/wp-content\/uploads\/2024\/09\/EPA-4-18x9.jpg 18w\" sizes=\"auto, (max-width: 56px) 100vw, 56px\" \/> \u00a0<img loading=\"lazy\" decoding=\"async\" class=\"alignnone size-full wp-image-1710\" src=\"https:\/\/www.rippa.com\/wp-content\/uploads\/2024\/09\/\u6b27\u4e94.jpg\" alt=\"\" width=\"56\" height=\"29\" srcset=\"https:\/\/www.rippa.com\/wp-content\/uploads\/2024\/09\/\u6b27\u4e94.jpg 56w, https:\/\/www.rippa.com\/wp-content\/uploads\/2024\/09\/\u6b27\u4e94-18x9.jpg 18w\" sizes=\"auto, (max-width: 56px) 100vw, 56px\" \/><\/p>\n<p>RS06-luistinkuormaaja ottaa k\u00e4ytt\u00f6\u00f6n \u00e4lykk\u00e4\u00e4n nopeudenohjausj\u00e4rjestelm\u00e4n, ja ohjauskahva parantaa tarkkuutta ja tehokkuutta; tukee monitoimista plug-in-pikavaihtoa, mukautuu erilaisiin ty\u00f6olosuhteisiin; kompakti ja joustava rakenne, kest\u00e4v\u00e4 ja luotettava, sopii pieneen tilaan ja huoltoon kansainv\u00e4lisill\u00e4 markkinoilla.<\/p>\n<p><strong>Maailmanlaajuisten toimihenkil\u00f6iden rekrytointi:<\/strong><br \/>\nTilaukset voivat nauttia alennushinnoista.<br \/>\nValmistajalla on varasto ja nopea toimitus.<br \/>\nAsiakaspalveluhenkil\u00f6st\u00f6 tarjoaa palveluja verkossa 24 tuntia vuorokaudessa.<br \/>\nT\u00e4yt\u00e4 tiedot, pyyd\u00e4 tarjous ja ryhdy agentiksemme!<\/p>","protected":false},"featured_media":12300,"parent":0,"template":"","meta":{"_acf_changed":false,"_seopress_robots_primary_cat":"none","_seopress_titles_title":"","_seopress_titles_desc":"","_seopress_robots_index":""},"categoryproduct":[44],"class_list":["post-1480","product","type-product","status-publish","has-post-thumbnail","hentry","categoryproduct-skid-steer"],"acf":[],"_links":{"self":[{"href":"https:\/\/www.rippa.com\/fi\/wp-json\/wp\/v2\/product\/1480","targetHints":{"allow":["GET"]}}],"collection":[{"href":"https:\/\/www.rippa.com\/fi\/wp-json\/wp\/v2\/product"}],"about":[{"href":"https:\/\/www.rippa.com\/fi\/wp-json\/wp\/v2\/types\/product"}],"wp:featuredmedia":[{"embeddable":true,"href":"https:\/\/www.rippa.com\/fi\/wp-json\/wp\/v2\/media\/12300"}],"wp:attachment":[{"href":"https:\/\/www.rippa.com\/fi\/wp-json\/wp\/v2\/media?parent=1480"}],"wp:term":[{"taxonomy":"categoryproduct","embeddable":true,"href":"https:\/\/www.rippa.com\/fi\/wp-json\/wp\/v2\/categoryproduct?post=1480"}],"curies":[{"name":"wp","href":"https:\/\/api.w.org\/{rel}","templated":true}]}}