{"id":6003,"date":"2024-09-17T16:51:52","date_gmt":"2024-09-17T08:51:52","guid":{"rendered":"https:\/\/www.rippa.com\/?post_type=product&#038;p=6003"},"modified":"2026-04-15T13:31:12","modified_gmt":"2026-04-15T05:31:12","slug":"r82-small-excavator","status":"publish","type":"product","link":"https:\/\/www.rippa.com\/et\/product\/r82-pisike-ekskavaator\/","title":{"rendered":"R82 v\u00e4ike ekskavaator"},"content":{"rendered":"<p><img loading=\"lazy\" decoding=\"async\" class=\"alignnone size-full wp-image-1709\" src=\"https:\/\/www.rippa.com\/wp-content\/uploads\/2024\/09\/EPA-4.jpg\" sizes=\"auto, (max-width: 56px) 100vw, 56px\" srcset=\"https:\/\/www.rippa.com\/wp-content\/uploads\/2024\/09\/EPA-4.jpg 56w, https:\/\/www.rippa.com\/wp-content\/uploads\/2024\/09\/EPA-4-18x9.jpg 18w\" alt=\"\" width=\"56\" height=\"29\" \/>\u00a0<img loading=\"lazy\" decoding=\"async\" class=\"alignnone size-full wp-image-1710\" src=\"https:\/\/www.rippa.com\/wp-content\/uploads\/2024\/09\/%E6%AC%A7%E4%BA%94.jpg\" sizes=\"auto, (max-width: 56px) 100vw, 56px\" srcset=\"https:\/\/www.rippa.com\/wp-content\/uploads\/2024\/09\/\u6b27\u4e94.jpg 56w, https:\/\/www.rippa.com\/wp-content\/uploads\/2024\/09\/\u6b27\u4e94-18x9.jpg 18w\" alt=\"\" width=\"56\" height=\"29\" \/><\/p>\n<p>R82 v\u00e4ikeekskavaator on muutunud p\u00f5hiliseks konkurentsiv\u00f5imeliseks ekspordikaubanduse tooteks t\u00e4nu oma energiat\u00f5husale mootorile, t\u00e4iustatud elektroonilisele h\u00fcdraulikas\u00fcsteemile, t\u00e4iustatud konstruktsioonile, mugavale s\u00f5idukeskkonnale, mugavale hoolduss\u00fcsteemile, suurep\u00e4rastele tulemuslikkuse parameetritele ja kaubam\u00e4rgi tugevusele.<\/p>\n<p><strong>\u00dclemaailmsete agentide siirast v\u00e4rbamist:<\/strong><br \/>\nHulgim\u00fc\u00fcgitellimustele on saadaval allahindlused.<br \/>\nTootjatel on varud olemas ja nad tarnivad kiiresti.<br \/>\nKlienditeenindajad on v\u00f5rgus 24 tundi \u00f6\u00f6p\u00e4evas.<br \/>\nT\u00e4ida andmed, saada hinnapakkumine ja saada meie esindajaks!<\/p>","protected":false},"featured_media":6564,"parent":0,"template":"","meta":{"_acf_changed":false,"_seopress_robots_primary_cat":"none","_seopress_titles_title":"","_seopress_titles_desc":"","_seopress_robots_index":""},"categoryproduct":[29,30],"class_list":["post-6003","product","type-product","status-publish","has-post-thumbnail","hentry","categoryproduct-mini-excavator","categoryproduct-large-excavator"],"acf":[],"_links":{"self":[{"href":"https:\/\/www.rippa.com\/et\/wp-json\/wp\/v2\/product\/6003","targetHints":{"allow":["GET"]}}],"collection":[{"href":"https:\/\/www.rippa.com\/et\/wp-json\/wp\/v2\/product"}],"about":[{"href":"https:\/\/www.rippa.com\/et\/wp-json\/wp\/v2\/types\/product"}],"wp:featuredmedia":[{"embeddable":true,"href":"https:\/\/www.rippa.com\/et\/wp-json\/wp\/v2\/media\/6564"}],"wp:attachment":[{"href":"https:\/\/www.rippa.com\/et\/wp-json\/wp\/v2\/media?parent=6003"}],"wp:term":[{"taxonomy":"categoryproduct","embeddable":true,"href":"https:\/\/www.rippa.com\/et\/wp-json\/wp\/v2\/categoryproduct?post=6003"}],"curies":[{"name":"wp","href":"https:\/\/api.w.org\/{rel}","templated":true}]}}