{"id":1682,"date":"2024-09-14T15:14:09","date_gmt":"2024-09-14T07:14:09","guid":{"rendered":"https:\/\/www.rippa.com\/?post_type=product&#038;p=1682"},"modified":"2026-02-25T16:31:27","modified_gmt":"2026-02-25T08:31:27","slug":"r330-mini-excavator","status":"publish","type":"product","link":"https:\/\/www.rippa.com\/et\/product\/r330-mini-excavator\/","title":{"rendered":"Mini Excavator R330"},"content":{"rendered":"<p><img loading=\"lazy\" decoding=\"async\" class=\"alignnone size-full wp-image-1708\" src=\"https:\/\/www.rippa.com\/wp-content\/uploads\/2024\/09\/CE.jpg\" alt=\"\" width=\"56\" height=\"29\" srcset=\"https:\/\/www.rippa.com\/wp-content\/uploads\/2024\/09\/CE.jpg 56w, https:\/\/www.rippa.com\/wp-content\/uploads\/2024\/09\/CE-18x9.jpg 18w\" sizes=\"auto, (max-width: 56px) 100vw, 56px\" \/> <img loading=\"lazy\" decoding=\"async\" class=\"alignnone size-full wp-image-1709\" src=\"https:\/\/www.rippa.com\/wp-content\/uploads\/2024\/09\/EPA-4.jpg\" alt=\"\" width=\"56\" height=\"29\" srcset=\"https:\/\/www.rippa.com\/wp-content\/uploads\/2024\/09\/EPA-4.jpg 56w, https:\/\/www.rippa.com\/wp-content\/uploads\/2024\/09\/EPA-4-18x9.jpg 18w\" sizes=\"auto, (max-width: 56px) 100vw, 56px\" \/> <img loading=\"lazy\" decoding=\"async\" class=\"alignnone size-full wp-image-1710\" src=\"https:\/\/www.rippa.com\/wp-content\/uploads\/2024\/09\/\u6b27\u4e94.jpg\" alt=\"\" width=\"56\" height=\"29\" srcset=\"https:\/\/www.rippa.com\/wp-content\/uploads\/2024\/09\/\u6b27\u4e94.jpg 56w, https:\/\/www.rippa.com\/wp-content\/uploads\/2024\/09\/\u6b27\u4e94-18x9.jpg 18w\" sizes=\"auto, (max-width: 56px) 100vw, 56px\" \/><\/p>\n<p>The R330 mini excavator has won the trust of global partners with its environmentally friendly and efficient power, excellent excavation performance, comfortable operating experience, intelligent and convenient control, sturdy and durable design, multiple safety guarantees, flexible adaptability to working conditions, and compliance with high international standards.<\/p>\n<p><strong><span style=\"font-size: 14pt;\">Agentide v\u00e4rbamine kogu maailmas:<\/span><\/strong><br \/>\nODM, OEM, kohandatav<br \/>\nHulgim\u00fc\u00fcgi tellimuste puhul on saadaval soodushinnad.<br \/>\nTootjatel on varud ja kiire tarne.<br \/>\nKlienditugi on teenuste osutamiseks 24 tundi \u00f6\u00f6p\u00e4evas k\u00e4ttesaadav.<br \/>\nT\u00e4ida andmed, saada hinnapakkumine ja saada meie esindajaks!<\/p>","protected":false},"featured_media":2576,"parent":0,"template":"","meta":{"_acf_changed":false,"_seopress_robots_primary_cat":"none","_seopress_titles_title":"","_seopress_titles_desc":"","_seopress_robots_index":""},"categoryproduct":[29],"class_list":["post-1682","product","type-product","status-publish","has-post-thumbnail","hentry","categoryproduct-mini-excavator"],"acf":[],"_links":{"self":[{"href":"https:\/\/www.rippa.com\/et\/wp-json\/wp\/v2\/product\/1682","targetHints":{"allow":["GET"]}}],"collection":[{"href":"https:\/\/www.rippa.com\/et\/wp-json\/wp\/v2\/product"}],"about":[{"href":"https:\/\/www.rippa.com\/et\/wp-json\/wp\/v2\/types\/product"}],"wp:featuredmedia":[{"embeddable":true,"href":"https:\/\/www.rippa.com\/et\/wp-json\/wp\/v2\/media\/2576"}],"wp:attachment":[{"href":"https:\/\/www.rippa.com\/et\/wp-json\/wp\/v2\/media?parent=1682"}],"wp:term":[{"taxonomy":"categoryproduct","embeddable":true,"href":"https:\/\/www.rippa.com\/et\/wp-json\/wp\/v2\/categoryproduct?post=1682"}],"curies":[{"name":"wp","href":"https:\/\/api.w.org\/{rel}","templated":true}]}}